{"id":2170,"date":"2026-03-20T14:11:58","date_gmt":"2026-03-20T14:11:58","guid":{"rendered":"https:\/\/bellasanmartin.com\/?post_type=product&#038;p=2170"},"modified":"2026-03-20T14:11:58","modified_gmt":"2026-03-20T14:11:58","slug":"gel-calmante-e-hidratante-de-arroz","status":"publish","type":"product","link":"https:\/\/bellasanmartin.com\/en\/product\/gel-calmante-e-hidratante-de-arroz\/","title":{"rendered":"Gel Calmante e Hidratante de Arroz"},"content":{"rendered":"<p>\ud83e\uddf4 Producto y Beneficios (en espa\u00f1ol)<\/p>\n<p>Nombre del producto:<br \/>\nGel Calmante e Hidratante de Arroz CQK (Rice Soothing Moisturizing Gel)<\/p>\n<p>Principales ingredientes:<\/p>\n<p>&#8211; Extracto de arroz (99%)<\/p>\n<p>Beneficios y funciones:<\/p>\n<p>&#8211; \ud83d\udca7 Hidrataci\u00f3n y suavidad: Hidrata intensamente la piel, dej\u00e1ndola tierna y suave al tacto.<br \/>\n&#8211; \ud83e\uddf4 Minimiza los poros: Ayuda a reducir la apariencia de los poros abiertos, unificando la textura cut\u00e1nea.<br \/>\n&#8211; \ud83c\udf1e Cuidado post-solar: Alivia y repara la piel despu\u00e9s de la exposici\u00f3n solar, reduciendo la irritaci\u00f3n y el enrojecimiento.<br \/>\n&#8211; \ud83c\udf5a Nutrici\u00f3n suave: Proporciona nutrientes delicados sin irritar, ideal para pieles sensibles.<br \/>\n&#8211; \u2728 Suaviza la piel: Mejora la textura general, dejando la piel m\u00e1s lisa y uniforme.<\/p>\n<p>\ud83d\udcdd Descripci\u00f3n breve para web (estilo comercial)<\/p>\n<p>Este Gel Calmante e Hidratante de Arroz de CQK, con un 99% de extracto de arroz, ofrece un cuidado suave y efectivo para tu piel. Perfecto para hidratar, minimizar los poros y reparar despu\u00e9s del sol, dejando la piel tierna, suave y revitalizada. Su textura ligera se absorbe r\u00e1pidamente, ideal para el uso diario en todo tipo de piel.<\/p>","protected":false},"excerpt":{"rendered":"<p><img fetchpriority=\"high\" decoding=\"async\" class=\"alignnone size-medium wp-image-2167\" src=\"https:\/\/bellasanmartin.com\/wp-content\/uploads\/2026\/03\/1774014179068-300x300.png\" alt=\"\" width=\"300\" height=\"300\" srcset=\"https:\/\/bellasanmartin.com\/wp-content\/uploads\/2026\/03\/1774014179068-300x300.png 300w, https:\/\/bellasanmartin.com\/wp-content\/uploads\/2026\/03\/1774014179068-1024x1024.png 1024w, https:\/\/bellasanmartin.com\/wp-content\/uploads\/2026\/03\/1774014179068-150x150.png 150w, https:\/\/bellasanmartin.com\/wp-content\/uploads\/2026\/03\/1774014179068-768x768.png 768w, https:\/\/bellasanmartin.com\/wp-content\/uploads\/2026\/03\/1774014179068-1536x1536.png 1536w, https:\/\/bellasanmartin.com\/wp-content\/uploads\/2026\/03\/1774014179068-12x12.png 12w, https:\/\/bellasanmartin.com\/wp-content\/uploads\/2026\/03\/1774014179068-600x600.png 600w, https:\/\/bellasanmartin.com\/wp-content\/uploads\/2026\/03\/1774014179068-1200x1200.png 1200w, https:\/\/bellasanmartin.com\/wp-content\/uploads\/2026\/03\/1774014179068.png 2048w\" sizes=\"(max-width: 300px) 100vw, 300px\" \/><\/p>","protected":false},"featured_media":2167,"comment_status":"open","ping_status":"closed","template":"","meta":[],"product_brand":[103],"product_cat":[27],"product_tag":[],"class_list":{"0":"post-2170","1":"product","2":"type-product","3":"status-publish","4":"has-post-thumbnail","6":"product_brand-xxx","7":"product_cat-skin-care","9":"first","10":"instock","11":"shipping-taxable","12":"purchasable","13":"product-type-simple"},"_links":{"self":[{"href":"https:\/\/bellasanmartin.com\/en\/wp-json\/wp\/v2\/product\/2170","targetHints":{"allow":["GET"]}}],"collection":[{"href":"https:\/\/bellasanmartin.com\/en\/wp-json\/wp\/v2\/product"}],"about":[{"href":"https:\/\/bellasanmartin.com\/en\/wp-json\/wp\/v2\/types\/product"}],"replies":[{"embeddable":true,"href":"https:\/\/bellasanmartin.com\/en\/wp-json\/wp\/v2\/comments?post=2170"}],"version-history":[{"count":1,"href":"https:\/\/bellasanmartin.com\/en\/wp-json\/wp\/v2\/product\/2170\/revisions"}],"predecessor-version":[{"id":2171,"href":"https:\/\/bellasanmartin.com\/en\/wp-json\/wp\/v2\/product\/2170\/revisions\/2171"}],"wp:featuredmedia":[{"embeddable":true,"href":"https:\/\/bellasanmartin.com\/en\/wp-json\/wp\/v2\/media\/2167"}],"wp:attachment":[{"href":"https:\/\/bellasanmartin.com\/en\/wp-json\/wp\/v2\/media?parent=2170"}],"wp:term":[{"taxonomy":"product_brand","embeddable":true,"href":"https:\/\/bellasanmartin.com\/en\/wp-json\/wp\/v2\/product_brand?post=2170"},{"taxonomy":"product_cat","embeddable":true,"href":"https:\/\/bellasanmartin.com\/en\/wp-json\/wp\/v2\/product_cat?post=2170"},{"taxonomy":"product_tag","embeddable":true,"href":"https:\/\/bellasanmartin.com\/en\/wp-json\/wp\/v2\/product_tag?post=2170"}],"curies":[{"name":"wp","href":"https:\/\/api.w.org\/{rel}","templated":true}]}}