{"id":2302,"date":"2026-03-20T21:14:12","date_gmt":"2026-03-20T21:14:12","guid":{"rendered":"https:\/\/bellasanmartin.com\/?post_type=product&#038;p=2302"},"modified":"2026-03-20T21:14:13","modified_gmt":"2026-03-20T21:14:13","slug":"gel-modelador-fidelite-efecto-humedo","status":"publish","type":"product","link":"https:\/\/bellasanmartin.com\/en\/product\/gel-modelador-fidelite-efecto-humedo\/","title":{"rendered":"Gel Modelador FIDELIT\u00c9 Efecto H\u00famedo  \u00a0"},"content":{"rendered":"<p>1. Gel de Peinado (Tarro Azul)<\/p>\n<p>&nbsp;<\/p>\n<p>Nombre del producto: Gel Modelador FIDELIT\u00c9 Efecto H\u00famedo<\/p>\n<p>&nbsp;<\/p>\n<p>&#8211; Descripci\u00f3n: Gel de peinado profesional con fijaci\u00f3n natural, que crea un efecto h\u00famedo elegante sin rigidez. Mantiene el cabello con brillo y movimiento, ideal para estilos diarios o texturas definidas.<\/p>\n<p>&#8211; Caracter\u00edsticas clave: Fijaci\u00f3n suave, efecto h\u00famedo duradero, f\u00f3rmula no grasa.<\/p>\n<p>&#8211; Modo de uso: Aplicar sobre el cabello h\u00famedo o seco, peinar seg\u00fan el estilo deseado.<\/p>","protected":false},"excerpt":{"rendered":"<p><img fetchpriority=\"high\" decoding=\"async\" class=\"alignnone size-medium wp-image-2303\" src=\"https:\/\/bellasanmartin.com\/wp-content\/uploads\/2026\/03\/WhatsApp-Image-2024-12-07-at-6.27.03-PM-300x282.jpeg\" alt=\"\" width=\"300\" height=\"282\" srcset=\"https:\/\/bellasanmartin.com\/wp-content\/uploads\/2026\/03\/WhatsApp-Image-2024-12-07-at-6.27.03-PM-300x282.jpeg 300w, https:\/\/bellasanmartin.com\/wp-content\/uploads\/2026\/03\/WhatsApp-Image-2024-12-07-at-6.27.03-PM-768x721.jpeg 768w, https:\/\/bellasanmartin.com\/wp-content\/uploads\/2026\/03\/WhatsApp-Image-2024-12-07-at-6.27.03-PM-13x12.jpeg 13w, https:\/\/bellasanmartin.com\/wp-content\/uploads\/2026\/03\/WhatsApp-Image-2024-12-07-at-6.27.03-PM-150x141.jpeg 150w, https:\/\/bellasanmartin.com\/wp-content\/uploads\/2026\/03\/WhatsApp-Image-2024-12-07-at-6.27.03-PM.jpeg 854w\" sizes=\"(max-width: 300px) 100vw, 300px\" \/><\/p>","protected":false},"featured_media":2303,"comment_status":"open","ping_status":"closed","template":"","meta":[],"product_brand":[86],"product_cat":[22],"product_tag":[],"class_list":{"0":"post-2302","1":"product","2":"type-product","3":"status-publish","4":"has-post-thumbnail","6":"product_brand-fidelite","7":"product_cat-peluqueria","9":"first","10":"instock","11":"shipping-taxable","12":"purchasable","13":"product-type-simple"},"_links":{"self":[{"href":"https:\/\/bellasanmartin.com\/en\/wp-json\/wp\/v2\/product\/2302","targetHints":{"allow":["GET"]}}],"collection":[{"href":"https:\/\/bellasanmartin.com\/en\/wp-json\/wp\/v2\/product"}],"about":[{"href":"https:\/\/bellasanmartin.com\/en\/wp-json\/wp\/v2\/types\/product"}],"replies":[{"embeddable":true,"href":"https:\/\/bellasanmartin.com\/en\/wp-json\/wp\/v2\/comments?post=2302"}],"version-history":[{"count":1,"href":"https:\/\/bellasanmartin.com\/en\/wp-json\/wp\/v2\/product\/2302\/revisions"}],"predecessor-version":[{"id":2314,"href":"https:\/\/bellasanmartin.com\/en\/wp-json\/wp\/v2\/product\/2302\/revisions\/2314"}],"wp:featuredmedia":[{"embeddable":true,"href":"https:\/\/bellasanmartin.com\/en\/wp-json\/wp\/v2\/media\/2303"}],"wp:attachment":[{"href":"https:\/\/bellasanmartin.com\/en\/wp-json\/wp\/v2\/media?parent=2302"}],"wp:term":[{"taxonomy":"product_brand","embeddable":true,"href":"https:\/\/bellasanmartin.com\/en\/wp-json\/wp\/v2\/product_brand?post=2302"},{"taxonomy":"product_cat","embeddable":true,"href":"https:\/\/bellasanmartin.com\/en\/wp-json\/wp\/v2\/product_cat?post=2302"},{"taxonomy":"product_tag","embeddable":true,"href":"https:\/\/bellasanmartin.com\/en\/wp-json\/wp\/v2\/product_tag?post=2302"}],"curies":[{"name":"wp","href":"https:\/\/api.w.org\/{rel}","templated":true}]}}