{"id":2315,"date":"2026-03-20T21:16:01","date_gmt":"2026-03-20T21:16:01","guid":{"rendered":"https:\/\/bellasanmartin.com\/?post_type=product&#038;p=2315"},"modified":"2026-03-20T21:16:01","modified_gmt":"2026-03-20T21:16:01","slug":"mascarilla-capilar-keratina-fidelite-linea-reparacion","status":"publish","type":"product","link":"https:\/\/bellasanmartin.com\/en\/product\/mascarilla-capilar-keratina-fidelite-linea-reparacion\/","title":{"rendered":"Mascarilla Capilar Keratina FIDELIT\u00c9 L\u00ednea Reparaci\u00f3n"},"content":{"rendered":"<p>&nbsp;<\/p>\n<p>Mascarilla Capilar de Keratina (Tarro Naranja) 1kg<\/p>\n<p>&nbsp;<\/p>\n<p>Nombre del producto: Mascarilla Capilar Keratina FIDELIT\u00c9 L\u00ednea Reparaci\u00f3n<\/p>\n<p>&nbsp;<\/p>\n<p>&#8211; Descripci\u00f3n: Tratamiento intensivo reparador enriquecido con keratina, que repara profundamente el cabello da\u00f1ado, debilitado o tratado qu\u00edmicamente. Protege contra da\u00f1os UV, recuperando la fuerza, suavidad y brillo natural del cabello.<\/p>\n<p>&#8211; Caracter\u00edsticas clave: Reparaci\u00f3n profunda, protecci\u00f3n UV, keratina activa, f\u00f3rmula nutritiva.<\/p>\n<p>&#8211; Modo de uso: Aplicar sobre el cabello limpio y h\u00famedo, dejar actuar 10-15 minutos, enjuagar completamente. Usar 1-2 veces a semana.<\/p>","protected":false},"excerpt":{"rendered":"<p><img fetchpriority=\"high\" decoding=\"async\" class=\"alignnone size-medium wp-image-2304\" src=\"https:\/\/bellasanmartin.com\/wp-content\/uploads\/2026\/03\/aqua-1-2b8d02493843ff632917252896400622-1024-1024-300x300.webp\" alt=\"\" width=\"300\" height=\"300\" srcset=\"https:\/\/bellasanmartin.com\/wp-content\/uploads\/2026\/03\/aqua-1-2b8d02493843ff632917252896400622-1024-1024-300x300.webp 300w, https:\/\/bellasanmartin.com\/wp-content\/uploads\/2026\/03\/aqua-1-2b8d02493843ff632917252896400622-1024-1024-150x150.webp 150w, https:\/\/bellasanmartin.com\/wp-content\/uploads\/2026\/03\/aqua-1-2b8d02493843ff632917252896400622-1024-1024-768x768.webp 768w, https:\/\/bellasanmartin.com\/wp-content\/uploads\/2026\/03\/aqua-1-2b8d02493843ff632917252896400622-1024-1024-12x12.webp 12w, https:\/\/bellasanmartin.com\/wp-content\/uploads\/2026\/03\/aqua-1-2b8d02493843ff632917252896400622-1024-1024-600x600.webp 600w, https:\/\/bellasanmartin.com\/wp-content\/uploads\/2026\/03\/aqua-1-2b8d02493843ff632917252896400622-1024-1024.webp 1024w\" sizes=\"(max-width: 300px) 100vw, 300px\" \/><\/p>","protected":false},"featured_media":2304,"comment_status":"open","ping_status":"closed","template":"","meta":[],"product_brand":[86],"product_cat":[22],"product_tag":[],"class_list":{"0":"post-2315","1":"product","2":"type-product","3":"status-publish","4":"has-post-thumbnail","6":"product_brand-fidelite","7":"product_cat-peluqueria","9":"first","10":"instock","11":"shipping-taxable","12":"purchasable","13":"product-type-simple"},"_links":{"self":[{"href":"https:\/\/bellasanmartin.com\/en\/wp-json\/wp\/v2\/product\/2315","targetHints":{"allow":["GET"]}}],"collection":[{"href":"https:\/\/bellasanmartin.com\/en\/wp-json\/wp\/v2\/product"}],"about":[{"href":"https:\/\/bellasanmartin.com\/en\/wp-json\/wp\/v2\/types\/product"}],"replies":[{"embeddable":true,"href":"https:\/\/bellasanmartin.com\/en\/wp-json\/wp\/v2\/comments?post=2315"}],"version-history":[{"count":1,"href":"https:\/\/bellasanmartin.com\/en\/wp-json\/wp\/v2\/product\/2315\/revisions"}],"predecessor-version":[{"id":2316,"href":"https:\/\/bellasanmartin.com\/en\/wp-json\/wp\/v2\/product\/2315\/revisions\/2316"}],"wp:featuredmedia":[{"embeddable":true,"href":"https:\/\/bellasanmartin.com\/en\/wp-json\/wp\/v2\/media\/2304"}],"wp:attachment":[{"href":"https:\/\/bellasanmartin.com\/en\/wp-json\/wp\/v2\/media?parent=2315"}],"wp:term":[{"taxonomy":"product_brand","embeddable":true,"href":"https:\/\/bellasanmartin.com\/en\/wp-json\/wp\/v2\/product_brand?post=2315"},{"taxonomy":"product_cat","embeddable":true,"href":"https:\/\/bellasanmartin.com\/en\/wp-json\/wp\/v2\/product_cat?post=2315"},{"taxonomy":"product_tag","embeddable":true,"href":"https:\/\/bellasanmartin.com\/en\/wp-json\/wp\/v2\/product_tag?post=2315"}],"curies":[{"name":"wp","href":"https:\/\/api.w.org\/{rel}","templated":true}]}}