{"id":2344,"date":"2026-03-20T22:03:20","date_gmt":"2026-03-20T22:03:20","guid":{"rendered":"https:\/\/bellasanmartin.com\/?post_type=product&#038;p=2344"},"modified":"2026-03-20T22:03:20","modified_gmt":"2026-03-20T22:03:20","slug":"free-styling-cream-fidelite","status":"publish","type":"product","link":"https:\/\/bellasanmartin.com\/en\/product\/free-styling-cream-fidelite\/","title":{"rendered":"Free Styling Cream FIDELIT\u00c9"},"content":{"rendered":"<p>Crema de Peinado 100% Free (Tubo Blanco-Verde)<\/p>\n<p>&nbsp;<\/p>\n<p>Nombre del producto: 100% Free Styling Cream FIDELIT\u00c9<\/p>\n<p>&nbsp;<\/p>\n<p>&#8211; Descripci\u00f3n: Crema de peinado formulada sin sulfatos, parabenos, siliconas, sales ni colorantes, ideal para cabellos secos, castigados o te\u00f1idos. Nutre y define sin apelmazar, respetando el cuero cabelludo sensible.<\/p>\n<p>&#8211; Caracter\u00edsticas clave: F\u00f3rmula limpia (100% free), hidrataci\u00f3n ligera, definici\u00f3n suave, compatible con cabellos tratados qu\u00edmicamente.<\/p>\n<p>&#8211; Modo de uso: Aplicar sobre cabello h\u00famedo, distribuir de medios a puntas y peinar. Perfecta para uso diario y peinados naturales.<\/p>","protected":false},"excerpt":{"rendered":"<p><img fetchpriority=\"high\" decoding=\"async\" class=\"alignnone size-medium wp-image-2335\" src=\"https:\/\/bellasanmartin.com\/wp-content\/uploads\/2026\/03\/images-2-218x300.jpeg\" alt=\"\" width=\"218\" height=\"300\" srcset=\"https:\/\/bellasanmartin.com\/wp-content\/uploads\/2026\/03\/images-2-218x300.jpeg 218w, https:\/\/bellasanmartin.com\/wp-content\/uploads\/2026\/03\/images-2-9x12.jpeg 9w, https:\/\/bellasanmartin.com\/wp-content\/uploads\/2026\/03\/images-2-150x206.jpeg 150w, https:\/\/bellasanmartin.com\/wp-content\/uploads\/2026\/03\/images-2.jpeg 381w\" sizes=\"(max-width: 218px) 100vw, 218px\" \/><\/p>","protected":false},"featured_media":2335,"comment_status":"open","ping_status":"closed","template":"","meta":[],"product_brand":[86],"product_cat":[22],"product_tag":[],"class_list":{"0":"post-2344","1":"product","2":"type-product","3":"status-publish","4":"has-post-thumbnail","6":"product_brand-fidelite","7":"product_cat-peluqueria","9":"first","10":"instock","11":"shipping-taxable","12":"purchasable","13":"product-type-simple"},"_links":{"self":[{"href":"https:\/\/bellasanmartin.com\/en\/wp-json\/wp\/v2\/product\/2344","targetHints":{"allow":["GET"]}}],"collection":[{"href":"https:\/\/bellasanmartin.com\/en\/wp-json\/wp\/v2\/product"}],"about":[{"href":"https:\/\/bellasanmartin.com\/en\/wp-json\/wp\/v2\/types\/product"}],"replies":[{"embeddable":true,"href":"https:\/\/bellasanmartin.com\/en\/wp-json\/wp\/v2\/comments?post=2344"}],"version-history":[{"count":1,"href":"https:\/\/bellasanmartin.com\/en\/wp-json\/wp\/v2\/product\/2344\/revisions"}],"predecessor-version":[{"id":2345,"href":"https:\/\/bellasanmartin.com\/en\/wp-json\/wp\/v2\/product\/2344\/revisions\/2345"}],"wp:featuredmedia":[{"embeddable":true,"href":"https:\/\/bellasanmartin.com\/en\/wp-json\/wp\/v2\/media\/2335"}],"wp:attachment":[{"href":"https:\/\/bellasanmartin.com\/en\/wp-json\/wp\/v2\/media?parent=2344"}],"wp:term":[{"taxonomy":"product_brand","embeddable":true,"href":"https:\/\/bellasanmartin.com\/en\/wp-json\/wp\/v2\/product_brand?post=2344"},{"taxonomy":"product_cat","embeddable":true,"href":"https:\/\/bellasanmartin.com\/en\/wp-json\/wp\/v2\/product_cat?post=2344"},{"taxonomy":"product_tag","embeddable":true,"href":"https:\/\/bellasanmartin.com\/en\/wp-json\/wp\/v2\/product_tag?post=2344"}],"curies":[{"name":"wp","href":"https:\/\/api.w.org\/{rel}","templated":true}]}}