{"id":2357,"date":"2026-03-20T22:22:57","date_gmt":"2026-03-20T22:22:57","guid":{"rendered":"https:\/\/bellasanmartin.com\/?post_type=product&#038;p=2357"},"modified":"2026-03-20T22:22:57","modified_gmt":"2026-03-20T22:22:57","slug":"colormaster-developer-cream-10-vol-fidelite","status":"publish","type":"product","link":"https:\/\/bellasanmartin.com\/en\/product\/colormaster-developer-cream-10-vol-fidelite\/","title":{"rendered":"Colormaster Developer Cream 10 Vol. FIDELIT\u00c9  \u00a0"},"content":{"rendered":"<p>Revelador en Crema 10 Vol. (Botella Roja Grande)<\/p>\n<p>&nbsp;<\/p>\n<p>Nombre del producto: Colormaster Developer Cream 10 Vol. FIDELIT\u00c9<\/p>\n<p>&nbsp;<\/p>\n<p>&#8211; Descripci\u00f3n: Crema reveladora de volumen 10 (3%) del sistema Color Care, ideal para procesos de coloraci\u00f3n suave, retoques o tonos que requieren una elevaci\u00f3n m\u00ednima. Formulada en crema para una mezcla homog\u00e9nea y una aplicaci\u00f3n precisa.<\/p>\n<p>&#8211; Caracter\u00edsticas clave: Volumen 10 (3%), textura cremosa, mezcla uniforme, compatible con tintes profesionales.<\/p>\n<p>&#8211; Modo de uso: Mezclar con el tinte en la proporci\u00f3n indicada por el fabricante, aplicar sobre el cabello y seguir las instrucciones de tiempo del proceso de coloraci\u00f3n.<\/p>","protected":false},"excerpt":{"rendered":"<p><img fetchpriority=\"high\" decoding=\"async\" class=\"alignnone size-medium wp-image-2360\" src=\"https:\/\/bellasanmartin.com\/wp-content\/uploads\/2026\/03\/1774045054721-300x300.png\" alt=\"\" width=\"300\" height=\"300\" srcset=\"https:\/\/bellasanmartin.com\/wp-content\/uploads\/2026\/03\/1774045054721-300x300.png 300w, https:\/\/bellasanmartin.com\/wp-content\/uploads\/2026\/03\/1774045054721-1024x1024.png 1024w, https:\/\/bellasanmartin.com\/wp-content\/uploads\/2026\/03\/1774045054721-150x150.png 150w, https:\/\/bellasanmartin.com\/wp-content\/uploads\/2026\/03\/1774045054721-768x768.png 768w, https:\/\/bellasanmartin.com\/wp-content\/uploads\/2026\/03\/1774045054721-1536x1536.png 1536w, https:\/\/bellasanmartin.com\/wp-content\/uploads\/2026\/03\/1774045054721-12x12.png 12w, https:\/\/bellasanmartin.com\/wp-content\/uploads\/2026\/03\/1774045054721-600x600.png 600w, https:\/\/bellasanmartin.com\/wp-content\/uploads\/2026\/03\/1774045054721-1200x1200.png 1200w, https:\/\/bellasanmartin.com\/wp-content\/uploads\/2026\/03\/1774045054721.png 2048w\" sizes=\"(max-width: 300px) 100vw, 300px\" \/><\/p>","protected":false},"featured_media":2360,"comment_status":"open","ping_status":"closed","template":"","meta":[],"product_brand":[86],"product_cat":[22],"product_tag":[],"class_list":{"0":"post-2357","1":"product","2":"type-product","3":"status-publish","4":"has-post-thumbnail","6":"product_brand-fidelite","7":"product_cat-peluqueria","9":"first","10":"instock","11":"shipping-taxable","12":"purchasable","13":"product-type-simple"},"_links":{"self":[{"href":"https:\/\/bellasanmartin.com\/en\/wp-json\/wp\/v2\/product\/2357","targetHints":{"allow":["GET"]}}],"collection":[{"href":"https:\/\/bellasanmartin.com\/en\/wp-json\/wp\/v2\/product"}],"about":[{"href":"https:\/\/bellasanmartin.com\/en\/wp-json\/wp\/v2\/types\/product"}],"replies":[{"embeddable":true,"href":"https:\/\/bellasanmartin.com\/en\/wp-json\/wp\/v2\/comments?post=2357"}],"version-history":[{"count":1,"href":"https:\/\/bellasanmartin.com\/en\/wp-json\/wp\/v2\/product\/2357\/revisions"}],"predecessor-version":[{"id":2361,"href":"https:\/\/bellasanmartin.com\/en\/wp-json\/wp\/v2\/product\/2357\/revisions\/2361"}],"wp:featuredmedia":[{"embeddable":true,"href":"https:\/\/bellasanmartin.com\/en\/wp-json\/wp\/v2\/media\/2360"}],"wp:attachment":[{"href":"https:\/\/bellasanmartin.com\/en\/wp-json\/wp\/v2\/media?parent=2357"}],"wp:term":[{"taxonomy":"product_brand","embeddable":true,"href":"https:\/\/bellasanmartin.com\/en\/wp-json\/wp\/v2\/product_brand?post=2357"},{"taxonomy":"product_cat","embeddable":true,"href":"https:\/\/bellasanmartin.com\/en\/wp-json\/wp\/v2\/product_cat?post=2357"},{"taxonomy":"product_tag","embeddable":true,"href":"https:\/\/bellasanmartin.com\/en\/wp-json\/wp\/v2\/product_tag?post=2357"}],"curies":[{"name":"wp","href":"https:\/\/api.w.org\/{rel}","templated":true}]}}