{"id":2380,"date":"2026-03-20T22:45:28","date_gmt":"2026-03-20T22:45:28","guid":{"rendered":"https:\/\/bellasanmartin.com\/?post_type=product&#038;p=2380"},"modified":"2026-03-20T22:45:28","modified_gmt":"2026-03-20T22:45:28","slug":"oleo-limpiador-post-depilatorio-depimiel","status":"publish","type":"product","link":"https:\/\/bellasanmartin.com\/en\/product\/oleo-limpiador-post-depilatorio-depimiel\/","title":{"rendered":"\u00d3leo Limpiador Post-Depilatorio DEPIMIEL  \u00a0"},"content":{"rendered":"<p>\u00d3leo Limpiador Post-Depilatorio (DEPIMIEL)<\/p>\n<p>&nbsp;<\/p>\n<p>Nombre del producto: \u00d3leo Limpiador Post-Depilatorio DEPIMIEL<\/p>\n<p>&nbsp;<\/p>\n<p>&#8211; Descripci\u00f3n: Aceite limpiador post-depilatorio que disuelve eficazmente los residuos de cera, nutre e hidrata la piel, evitando la irritaci\u00f3n y el resequedad.<\/p>\n<p>&#8211; Caracter\u00edsticas clave: Eliminaci\u00f3n efectiva de residuos, f\u00f3rmula oleosa nutritiva, calma y suaviza la piel.<\/p>\n<p>&#8211; Modo de uso: Aplicar sobre la zona depilada, masajear para disolver la cera y retirar con un pa\u00f1o limpio. Ideal para pieles secas o sensibles.<\/p>\n<p>&#8211; Contenido: 500cc, fabricado en Argentina.<\/p>","protected":false},"excerpt":{"rendered":"<p><img fetchpriority=\"high\" decoding=\"async\" class=\"alignnone size-medium wp-image-2376\" src=\"https:\/\/bellasanmartin.com\/wp-content\/uploads\/2026\/03\/1774046424912-300x300.png\" alt=\"\" width=\"300\" height=\"300\" srcset=\"https:\/\/bellasanmartin.com\/wp-content\/uploads\/2026\/03\/1774046424912-300x300.png 300w, https:\/\/bellasanmartin.com\/wp-content\/uploads\/2026\/03\/1774046424912-1024x1024.png 1024w, https:\/\/bellasanmartin.com\/wp-content\/uploads\/2026\/03\/1774046424912-150x150.png 150w, https:\/\/bellasanmartin.com\/wp-content\/uploads\/2026\/03\/1774046424912-768x768.png 768w, https:\/\/bellasanmartin.com\/wp-content\/uploads\/2026\/03\/1774046424912-1536x1536.png 1536w, https:\/\/bellasanmartin.com\/wp-content\/uploads\/2026\/03\/1774046424912-12x12.png 12w, https:\/\/bellasanmartin.com\/wp-content\/uploads\/2026\/03\/1774046424912-600x600.png 600w, https:\/\/bellasanmartin.com\/wp-content\/uploads\/2026\/03\/1774046424912-1200x1200.png 1200w, https:\/\/bellasanmartin.com\/wp-content\/uploads\/2026\/03\/1774046424912.png 2048w\" sizes=\"(max-width: 300px) 100vw, 300px\" \/><\/p>","protected":false},"featured_media":2376,"comment_status":"open","ping_status":"closed","template":"","meta":[],"product_brand":[87],"product_cat":[27],"product_tag":[],"class_list":{"0":"post-2380","1":"product","2":"type-product","3":"status-publish","4":"has-post-thumbnail","6":"product_brand-depimiel","7":"product_cat-skin-care","9":"first","10":"instock","11":"shipping-taxable","12":"purchasable","13":"product-type-simple"},"_links":{"self":[{"href":"https:\/\/bellasanmartin.com\/en\/wp-json\/wp\/v2\/product\/2380","targetHints":{"allow":["GET"]}}],"collection":[{"href":"https:\/\/bellasanmartin.com\/en\/wp-json\/wp\/v2\/product"}],"about":[{"href":"https:\/\/bellasanmartin.com\/en\/wp-json\/wp\/v2\/types\/product"}],"replies":[{"embeddable":true,"href":"https:\/\/bellasanmartin.com\/en\/wp-json\/wp\/v2\/comments?post=2380"}],"version-history":[{"count":1,"href":"https:\/\/bellasanmartin.com\/en\/wp-json\/wp\/v2\/product\/2380\/revisions"}],"predecessor-version":[{"id":2381,"href":"https:\/\/bellasanmartin.com\/en\/wp-json\/wp\/v2\/product\/2380\/revisions\/2381"}],"wp:featuredmedia":[{"embeddable":true,"href":"https:\/\/bellasanmartin.com\/en\/wp-json\/wp\/v2\/media\/2376"}],"wp:attachment":[{"href":"https:\/\/bellasanmartin.com\/en\/wp-json\/wp\/v2\/media?parent=2380"}],"wp:term":[{"taxonomy":"product_brand","embeddable":true,"href":"https:\/\/bellasanmartin.com\/en\/wp-json\/wp\/v2\/product_brand?post=2380"},{"taxonomy":"product_cat","embeddable":true,"href":"https:\/\/bellasanmartin.com\/en\/wp-json\/wp\/v2\/product_cat?post=2380"},{"taxonomy":"product_tag","embeddable":true,"href":"https:\/\/bellasanmartin.com\/en\/wp-json\/wp\/v2\/product_tag?post=2380"}],"curies":[{"name":"wp","href":"https:\/\/api.w.org\/{rel}","templated":true}]}}