{"id":2384,"date":"2026-03-20T22:48:01","date_gmt":"2026-03-20T22:48:01","guid":{"rendered":"https:\/\/bellasanmartin.com\/?post_type=product&#038;p=2384"},"modified":"2026-03-20T22:48:02","modified_gmt":"2026-03-20T22:48:02","slug":"cera-depilatoria-en-lata-depimiel","status":"publish","type":"product","link":"https:\/\/bellasanmartin.com\/en\/product\/cera-depilatoria-en-lata-depimiel\/","title":{"rendered":"Cera Depilatoria en Lata DEPIMIEL"},"content":{"rendered":"<p>Cera Depilatoria en Lata (DEPIMIEL)<\/p>\n<p>&nbsp;<\/p>\n<p>Nombre del producto: Cera Depilatoria en Lata DEPIMIEL\u2665<\/p>\n<p>&nbsp;<\/p>\n<p>&#8211; Descripci\u00f3n: Cera depilatoria en formato lata, formulada con ingredientes naturales como miel, que elimina el vello desde la ra\u00edz, dejando la piel suave y libre de vello por m\u00e1s tiempo. Incluye aplicador de madera.<\/p>\n<p>&#8211; Caracter\u00edsticas clave: Eliminaci\u00f3n de vello desde la ra\u00edz, f\u00f3rmula con miel nutritiva, formato pr\u00e1ctico, incluye esp\u00e1tula aplicadora.<\/p>\n<p>&#8211; Modo de uso: Calentar la cera hasta obtener una textura cremosa, aplicar en direcci\u00f3n del crecimiento del vello, retirar r\u00e1pidamente en sentido contrario.<\/p>\n<p>&#8211; Contenido: 200gr, fabricado en Argentina.<\/p>\n<p>&nbsp;<\/p>\n<p>&nbsp;<\/p>\n<p>&nbsp;<\/p>","protected":false},"excerpt":{"rendered":"<p><img fetchpriority=\"high\" decoding=\"async\" class=\"alignnone size-medium wp-image-2378\" src=\"https:\/\/bellasanmartin.com\/wp-content\/uploads\/2026\/03\/1774046421780-300x300.png\" alt=\"\" width=\"300\" height=\"300\" srcset=\"https:\/\/bellasanmartin.com\/wp-content\/uploads\/2026\/03\/1774046421780-300x300.png 300w, https:\/\/bellasanmartin.com\/wp-content\/uploads\/2026\/03\/1774046421780-1024x1024.png 1024w, https:\/\/bellasanmartin.com\/wp-content\/uploads\/2026\/03\/1774046421780-150x150.png 150w, https:\/\/bellasanmartin.com\/wp-content\/uploads\/2026\/03\/1774046421780-768x768.png 768w, https:\/\/bellasanmartin.com\/wp-content\/uploads\/2026\/03\/1774046421780-1536x1536.png 1536w, https:\/\/bellasanmartin.com\/wp-content\/uploads\/2026\/03\/1774046421780-12x12.png 12w, https:\/\/bellasanmartin.com\/wp-content\/uploads\/2026\/03\/1774046421780-600x600.png 600w, https:\/\/bellasanmartin.com\/wp-content\/uploads\/2026\/03\/1774046421780-1200x1200.png 1200w, https:\/\/bellasanmartin.com\/wp-content\/uploads\/2026\/03\/1774046421780.png 2048w\" sizes=\"(max-width: 300px) 100vw, 300px\" \/><\/p>","protected":false},"featured_media":2378,"comment_status":"open","ping_status":"closed","template":"","meta":[],"product_brand":[87],"product_cat":[27],"product_tag":[],"class_list":{"0":"post-2384","1":"product","2":"type-product","3":"status-publish","4":"has-post-thumbnail","6":"product_brand-depimiel","7":"product_cat-skin-care","9":"first","10":"instock","11":"shipping-taxable","12":"purchasable","13":"product-type-simple"},"_links":{"self":[{"href":"https:\/\/bellasanmartin.com\/en\/wp-json\/wp\/v2\/product\/2384","targetHints":{"allow":["GET"]}}],"collection":[{"href":"https:\/\/bellasanmartin.com\/en\/wp-json\/wp\/v2\/product"}],"about":[{"href":"https:\/\/bellasanmartin.com\/en\/wp-json\/wp\/v2\/types\/product"}],"replies":[{"embeddable":true,"href":"https:\/\/bellasanmartin.com\/en\/wp-json\/wp\/v2\/comments?post=2384"}],"version-history":[{"count":1,"href":"https:\/\/bellasanmartin.com\/en\/wp-json\/wp\/v2\/product\/2384\/revisions"}],"predecessor-version":[{"id":2385,"href":"https:\/\/bellasanmartin.com\/en\/wp-json\/wp\/v2\/product\/2384\/revisions\/2385"}],"wp:featuredmedia":[{"embeddable":true,"href":"https:\/\/bellasanmartin.com\/en\/wp-json\/wp\/v2\/media\/2378"}],"wp:attachment":[{"href":"https:\/\/bellasanmartin.com\/en\/wp-json\/wp\/v2\/media?parent=2384"}],"wp:term":[{"taxonomy":"product_brand","embeddable":true,"href":"https:\/\/bellasanmartin.com\/en\/wp-json\/wp\/v2\/product_brand?post=2384"},{"taxonomy":"product_cat","embeddable":true,"href":"https:\/\/bellasanmartin.com\/en\/wp-json\/wp\/v2\/product_cat?post=2384"},{"taxonomy":"product_tag","embeddable":true,"href":"https:\/\/bellasanmartin.com\/en\/wp-json\/wp\/v2\/product_tag?post=2384"}],"curies":[{"name":"wp","href":"https:\/\/api.w.org\/{rel}","templated":true}]}}