{"id":2389,"date":"2026-03-20T23:07:06","date_gmt":"2026-03-20T23:07:06","guid":{"rendered":"https:\/\/bellasanmartin.com\/?post_type=product&#038;p=2389"},"modified":"2026-03-20T23:07:06","modified_gmt":"2026-03-20T23:07:06","slug":"limpiador-espumoso-suave-con-colageno-recombinante-tipo-iii-bioaqua","status":"publish","type":"product","link":"https:\/\/bellasanmartin.com\/en\/product\/limpiador-espumoso-suave-con-colageno-recombinante-tipo-iii-bioaqua\/","title":{"rendered":"Limpiador Espumoso Suave con Col\u00e1geno Recombinante Tipo III BIOAQUA"},"content":{"rendered":"<p>Col\u00e1geno Limpiador Espumoso Suave (BIOAQUA)<\/p>\n<p>&nbsp;<\/p>\n<blockquote>\n<p style=\"padding-left: 40px;\">Nombre del producto: Limpiador Espumoso Suave con Col\u00e1geno Recombinante Tipo III BIOAQUA<\/p>\n<\/blockquote>\n<p>&nbsp;<\/p>\n<p>&#8211; Descripci\u00f3n: Limpiador facial con espuma rica y densa, que limpia profundamente la piel, desbloquea los poros y deja la piel refrescante, transparente e hidratada sin tirantez despu\u00e9s del lavado.<\/p>\n<p>&#8211; Caracter\u00edsticas clave: Hidrataci\u00f3n, limpieza profunda, efecto refrescante, f\u00f3rmula con col\u00e1geno tipo III recombinante.<\/p>\n<p>&#8211; Modo de uso: Aplicar sobre la piel h\u00fameda, masajear suavemente para generar espuma, enjuagar con agua tibia. Ideal para uso diario.<\/p>\n<p>&#8211; Contenido: 100g (3.52oz).<\/p>","protected":false},"excerpt":{"rendered":"<p><img fetchpriority=\"high\" decoding=\"async\" class=\"alignnone size-medium wp-image-2393\" src=\"https:\/\/bellasanmartin.com\/wp-content\/uploads\/2026\/03\/1774047896261-300x300.png\" alt=\"\" width=\"300\" height=\"300\" srcset=\"https:\/\/bellasanmartin.com\/wp-content\/uploads\/2026\/03\/1774047896261-300x300.png 300w, https:\/\/bellasanmartin.com\/wp-content\/uploads\/2026\/03\/1774047896261-1024x1024.png 1024w, https:\/\/bellasanmartin.com\/wp-content\/uploads\/2026\/03\/1774047896261-150x150.png 150w, https:\/\/bellasanmartin.com\/wp-content\/uploads\/2026\/03\/1774047896261-768x768.png 768w, https:\/\/bellasanmartin.com\/wp-content\/uploads\/2026\/03\/1774047896261-1536x1536.png 1536w, https:\/\/bellasanmartin.com\/wp-content\/uploads\/2026\/03\/1774047896261-12x12.png 12w, https:\/\/bellasanmartin.com\/wp-content\/uploads\/2026\/03\/1774047896261-600x600.png 600w, https:\/\/bellasanmartin.com\/wp-content\/uploads\/2026\/03\/1774047896261-1200x1200.png 1200w, https:\/\/bellasanmartin.com\/wp-content\/uploads\/2026\/03\/1774047896261.png 2048w\" sizes=\"(max-width: 300px) 100vw, 300px\" \/><\/p>","protected":false},"featured_media":2393,"comment_status":"open","ping_status":"closed","template":"","meta":[],"product_brand":[72],"product_cat":[27],"product_tag":[],"class_list":{"0":"post-2389","1":"product","2":"type-product","3":"status-publish","4":"has-post-thumbnail","6":"product_brand-bioaoua","7":"product_cat-skin-care","9":"first","10":"instock","11":"shipping-taxable","12":"purchasable","13":"product-type-simple"},"_links":{"self":[{"href":"https:\/\/bellasanmartin.com\/en\/wp-json\/wp\/v2\/product\/2389","targetHints":{"allow":["GET"]}}],"collection":[{"href":"https:\/\/bellasanmartin.com\/en\/wp-json\/wp\/v2\/product"}],"about":[{"href":"https:\/\/bellasanmartin.com\/en\/wp-json\/wp\/v2\/types\/product"}],"replies":[{"embeddable":true,"href":"https:\/\/bellasanmartin.com\/en\/wp-json\/wp\/v2\/comments?post=2389"}],"version-history":[{"count":1,"href":"https:\/\/bellasanmartin.com\/en\/wp-json\/wp\/v2\/product\/2389\/revisions"}],"predecessor-version":[{"id":2394,"href":"https:\/\/bellasanmartin.com\/en\/wp-json\/wp\/v2\/product\/2389\/revisions\/2394"}],"wp:featuredmedia":[{"embeddable":true,"href":"https:\/\/bellasanmartin.com\/en\/wp-json\/wp\/v2\/media\/2393"}],"wp:attachment":[{"href":"https:\/\/bellasanmartin.com\/en\/wp-json\/wp\/v2\/media?parent=2389"}],"wp:term":[{"taxonomy":"product_brand","embeddable":true,"href":"https:\/\/bellasanmartin.com\/en\/wp-json\/wp\/v2\/product_brand?post=2389"},{"taxonomy":"product_cat","embeddable":true,"href":"https:\/\/bellasanmartin.com\/en\/wp-json\/wp\/v2\/product_cat?post=2389"},{"taxonomy":"product_tag","embeddable":true,"href":"https:\/\/bellasanmartin.com\/en\/wp-json\/wp\/v2\/product_tag?post=2389"}],"curies":[{"name":"wp","href":"https:\/\/api.w.org\/{rel}","templated":true}]}}