{"id":2399,"date":"2026-03-20T23:11:18","date_gmt":"2026-03-20T23:11:18","guid":{"rendered":"https:\/\/bellasanmartin.com\/?post_type=product&#038;p=2399"},"modified":"2026-03-20T23:11:19","modified_gmt":"2026-03-20T23:11:19","slug":"esencia-nutritiva-antioxidante-de-camelias-bioaqua","status":"publish","type":"product","link":"https:\/\/bellasanmartin.com\/en\/product\/esencia-nutritiva-antioxidante-de-camelias-bioaqua\/","title":{"rendered":"Esencia Nutritiva Antioxidante de Camelias BIOAQUA"},"content":{"rendered":"<p>Esencia Nutritiva Antioxidante de Camelias (BIOAQUA)<\/p>\n<p>&nbsp;<\/p>\n<blockquote><p>Nombre del producto: Esencia Nutritiva Antioxidante de Camelias BIOAQUA<\/p><\/blockquote>\n<p>&nbsp;<\/p>\n<p>&#8211; Descripci\u00f3n: Esencia facial con extracto de camelia, que nutre la piel y act\u00faa como antioxidante para mantenerla radiante y luminosa, con hidrataci\u00f3n intensiva.<\/p>\n<p>&#8211; Caracter\u00edsticas clave: Nutrici\u00f3n antioxidante, hidrataci\u00f3n, mantiene la piel radiante, f\u00f3rmula con extracto de camelia.<\/p>\n<p>&#8211; Modo de uso: Aplicar sobre la piel limpia, distribuir uniformemente y masajear hasta absorci\u00f3n.<\/p>\n<p>&#8211; Contenido: 30ml (1FL.OZ).<\/p>","protected":false},"excerpt":{"rendered":"<p><img fetchpriority=\"high\" decoding=\"async\" class=\"alignnone size-medium wp-image-2390\" src=\"https:\/\/bellasanmartin.com\/wp-content\/uploads\/2026\/03\/1774047758422-300x300.png\" alt=\"\" width=\"300\" height=\"300\" srcset=\"https:\/\/bellasanmartin.com\/wp-content\/uploads\/2026\/03\/1774047758422-300x300.png 300w, https:\/\/bellasanmartin.com\/wp-content\/uploads\/2026\/03\/1774047758422-1024x1024.png 1024w, https:\/\/bellasanmartin.com\/wp-content\/uploads\/2026\/03\/1774047758422-150x150.png 150w, https:\/\/bellasanmartin.com\/wp-content\/uploads\/2026\/03\/1774047758422-768x768.png 768w, https:\/\/bellasanmartin.com\/wp-content\/uploads\/2026\/03\/1774047758422-1536x1536.png 1536w, https:\/\/bellasanmartin.com\/wp-content\/uploads\/2026\/03\/1774047758422-12x12.png 12w, https:\/\/bellasanmartin.com\/wp-content\/uploads\/2026\/03\/1774047758422-600x600.png 600w, https:\/\/bellasanmartin.com\/wp-content\/uploads\/2026\/03\/1774047758422-1200x1200.png 1200w, https:\/\/bellasanmartin.com\/wp-content\/uploads\/2026\/03\/1774047758422.png 2048w\" sizes=\"(max-width: 300px) 100vw, 300px\" \/><\/p>","protected":false},"featured_media":2390,"comment_status":"open","ping_status":"closed","template":"","meta":[],"product_brand":[72],"product_cat":[27],"product_tag":[],"class_list":{"0":"post-2399","1":"product","2":"type-product","3":"status-publish","4":"has-post-thumbnail","6":"product_brand-bioaoua","7":"product_cat-skin-care","9":"first","10":"instock","11":"shipping-taxable","12":"purchasable","13":"product-type-simple"},"_links":{"self":[{"href":"https:\/\/bellasanmartin.com\/en\/wp-json\/wp\/v2\/product\/2399","targetHints":{"allow":["GET"]}}],"collection":[{"href":"https:\/\/bellasanmartin.com\/en\/wp-json\/wp\/v2\/product"}],"about":[{"href":"https:\/\/bellasanmartin.com\/en\/wp-json\/wp\/v2\/types\/product"}],"replies":[{"embeddable":true,"href":"https:\/\/bellasanmartin.com\/en\/wp-json\/wp\/v2\/comments?post=2399"}],"version-history":[{"count":1,"href":"https:\/\/bellasanmartin.com\/en\/wp-json\/wp\/v2\/product\/2399\/revisions"}],"predecessor-version":[{"id":2400,"href":"https:\/\/bellasanmartin.com\/en\/wp-json\/wp\/v2\/product\/2399\/revisions\/2400"}],"wp:featuredmedia":[{"embeddable":true,"href":"https:\/\/bellasanmartin.com\/en\/wp-json\/wp\/v2\/media\/2390"}],"wp:attachment":[{"href":"https:\/\/bellasanmartin.com\/en\/wp-json\/wp\/v2\/media?parent=2399"}],"wp:term":[{"taxonomy":"product_brand","embeddable":true,"href":"https:\/\/bellasanmartin.com\/en\/wp-json\/wp\/v2\/product_brand?post=2399"},{"taxonomy":"product_cat","embeddable":true,"href":"https:\/\/bellasanmartin.com\/en\/wp-json\/wp\/v2\/product_cat?post=2399"},{"taxonomy":"product_tag","embeddable":true,"href":"https:\/\/bellasanmartin.com\/en\/wp-json\/wp\/v2\/product_tag?post=2399"}],"curies":[{"name":"wp","href":"https:\/\/api.w.org\/{rel}","templated":true}]}}