{"id":2566,"date":"2026-03-21T16:04:46","date_gmt":"2026-03-21T16:04:46","guid":{"rendered":"https:\/\/bellasanmartin.com\/?post_type=product&#038;p=2566"},"modified":"2026-03-21T16:04:46","modified_gmt":"2026-03-21T16:04:46","slug":"eloise-maca-powder-collagen-hair-mask","status":"publish","type":"product","link":"https:\/\/bellasanmartin.com\/en\/product\/eloise-maca-powder-collagen-hair-mask\/","title":{"rendered":"Elo\u00edse Maca Powder Collagen Hair Mask"},"content":{"rendered":"<p>Mascarilla Capilar (Hair Mask)<\/p>\n<p>&nbsp;<\/p>\n<p>Nombre comercial: Elo\u00edse Maca Powder Collagen Hair Mask<\/p>\n<p>&nbsp;<\/p>\n<p>&#8211; Caracter\u00edsticas principales: F\u00f3rmula con extracto de maca y col\u00e1geno, dise\u00f1ada para cabello seco y da\u00f1ado.<\/p>\n<p>&#8211; Beneficios:<\/p>\n<p>&#8211; Repara profundamente el cabello maltratado qu\u00edmica o mec\u00e1nicamente.<\/p>\n<p>&#8211; Nutre y fortalece la fibra capilar, reduciendo la rotura.<\/p>\n<p>&#8211; Calma el cuero cabelludo tenso y mejora su salud.<\/p>\n<p>&#8211; Formato: 10 sobres de 25 ml cada uno, ideal para uso en casa o viajes.<\/p>\n<p>&#8211; Frase de marketing: \u00abRepara y nutre tu cabello en profundidad: la mascarilla de maca y col\u00e1geno de Elo\u00edse.\u00bb<\/p>\n<p>&nbsp;<\/p>","protected":false},"excerpt":{"rendered":"<p><img fetchpriority=\"high\" decoding=\"async\" class=\"alignnone size-medium wp-image-2520\" src=\"https:\/\/bellasanmartin.com\/wp-content\/uploads\/2026\/03\/302804f8-4766-4d95-953a-6d9b5fbbe05c-87bf9d6ae19cb6c73a17734329313425-1024-1024-200x300.webp\" alt=\"\" width=\"200\" height=\"300\" srcset=\"https:\/\/bellasanmartin.com\/wp-content\/uploads\/2026\/03\/302804f8-4766-4d95-953a-6d9b5fbbe05c-87bf9d6ae19cb6c73a17734329313425-1024-1024-200x300.webp 200w, https:\/\/bellasanmartin.com\/wp-content\/uploads\/2026\/03\/302804f8-4766-4d95-953a-6d9b5fbbe05c-87bf9d6ae19cb6c73a17734329313425-1024-1024-683x1024.webp 683w, https:\/\/bellasanmartin.com\/wp-content\/uploads\/2026\/03\/302804f8-4766-4d95-953a-6d9b5fbbe05c-87bf9d6ae19cb6c73a17734329313425-1024-1024-768x1152.webp 768w, https:\/\/bellasanmartin.com\/wp-content\/uploads\/2026\/03\/302804f8-4766-4d95-953a-6d9b5fbbe05c-87bf9d6ae19cb6c73a17734329313425-1024-1024-8x12.webp 8w, https:\/\/bellasanmartin.com\/wp-content\/uploads\/2026\/03\/302804f8-4766-4d95-953a-6d9b5fbbe05c-87bf9d6ae19cb6c73a17734329313425-1024-1024-150x225.webp 150w, https:\/\/bellasanmartin.com\/wp-content\/uploads\/2026\/03\/302804f8-4766-4d95-953a-6d9b5fbbe05c-87bf9d6ae19cb6c73a17734329313425-1024-1024.webp 1024w\" sizes=\"(max-width: 200px) 100vw, 200px\" \/><\/p>","protected":false},"featured_media":2519,"comment_status":"open","ping_status":"closed","template":"","meta":[],"product_brand":[95],"product_cat":[22],"product_tag":[],"class_list":{"0":"post-2566","1":"product","2":"type-product","3":"status-publish","4":"has-post-thumbnail","6":"product_brand-eloise","7":"product_cat-peluqueria","9":"first","10":"instock","11":"shipping-taxable","12":"purchasable","13":"product-type-simple"},"_links":{"self":[{"href":"https:\/\/bellasanmartin.com\/en\/wp-json\/wp\/v2\/product\/2566","targetHints":{"allow":["GET"]}}],"collection":[{"href":"https:\/\/bellasanmartin.com\/en\/wp-json\/wp\/v2\/product"}],"about":[{"href":"https:\/\/bellasanmartin.com\/en\/wp-json\/wp\/v2\/types\/product"}],"replies":[{"embeddable":true,"href":"https:\/\/bellasanmartin.com\/en\/wp-json\/wp\/v2\/comments?post=2566"}],"version-history":[{"count":1,"href":"https:\/\/bellasanmartin.com\/en\/wp-json\/wp\/v2\/product\/2566\/revisions"}],"predecessor-version":[{"id":2567,"href":"https:\/\/bellasanmartin.com\/en\/wp-json\/wp\/v2\/product\/2566\/revisions\/2567"}],"wp:featuredmedia":[{"embeddable":true,"href":"https:\/\/bellasanmartin.com\/en\/wp-json\/wp\/v2\/media\/2519"}],"wp:attachment":[{"href":"https:\/\/bellasanmartin.com\/en\/wp-json\/wp\/v2\/media?parent=2566"}],"wp:term":[{"taxonomy":"product_brand","embeddable":true,"href":"https:\/\/bellasanmartin.com\/en\/wp-json\/wp\/v2\/product_brand?post=2566"},{"taxonomy":"product_cat","embeddable":true,"href":"https:\/\/bellasanmartin.com\/en\/wp-json\/wp\/v2\/product_cat?post=2566"},{"taxonomy":"product_tag","embeddable":true,"href":"https:\/\/bellasanmartin.com\/en\/wp-json\/wp\/v2\/product_tag?post=2566"}],"curies":[{"name":"wp","href":"https:\/\/api.w.org\/{rel}","templated":true}]}}