{"id":2577,"date":"2026-03-21T16:18:04","date_gmt":"2026-03-21T16:18:04","guid":{"rendered":"https:\/\/bellasanmartin.com\/?post_type=product&#038;p=2577"},"modified":"2026-03-21T16:18:04","modified_gmt":"2026-03-21T16:18:04","slug":"locion-de-pulpa-de-arroz-bioaqua","status":"publish","type":"product","link":"https:\/\/bellasanmartin.com\/en\/product\/locion-de-pulpa-de-arroz-bioaqua\/","title":{"rendered":"Loci\u00f3n de Pulpa de Arroz BIOAQUA"},"content":{"rendered":"<p>Loci\u00f3n de Pulpa de Arroz BIOAQUA<\/p>\n<p>&nbsp;<\/p>\n<p>Nombre comercial: BIOAQUA Rice Raw Pulp Lotion<\/p>\n<p>&nbsp;<\/p>\n<p>&#8211; Caracter\u00edsticas principales: Loci\u00f3n nutritiva con extracto de arroz, para hidrataci\u00f3n prolongada.<\/p>\n<p>&#8211; Beneficios:<\/p>\n<p>&#8211; Deja la piel suave y tierna, nutriendo en profundidad.<\/p>\n<p>&#8211; Reduce la apariencia de los poros y mejora la textura cut\u00e1nea.<\/p>\n<p>&#8211; Hidrataci\u00f3n de larga duraci\u00f3n, ideal para pieles secas o deshidratadas.<\/p>\n<p>&#8211; Formato: 120 ml, con dispensador f\u00e1cil de usar.<\/p>\n<p>&#8211; Frase de marketing: \u00abNutre e hidrata tu piel con el poder del arroz: la loci\u00f3n BIOAQUA para una piel suave y radiante.\u00bb<\/p>","protected":false},"excerpt":{"rendered":"<p><img fetchpriority=\"high\" decoding=\"async\" class=\"alignnone size-medium wp-image-2574\" src=\"https:\/\/bellasanmartin.com\/wp-content\/uploads\/2026\/03\/1774109495244-300x300.png\" alt=\"\" width=\"300\" height=\"300\" srcset=\"https:\/\/bellasanmartin.com\/wp-content\/uploads\/2026\/03\/1774109495244-300x300.png 300w, https:\/\/bellasanmartin.com\/wp-content\/uploads\/2026\/03\/1774109495244-1024x1024.png 1024w, https:\/\/bellasanmartin.com\/wp-content\/uploads\/2026\/03\/1774109495244-150x150.png 150w, https:\/\/bellasanmartin.com\/wp-content\/uploads\/2026\/03\/1774109495244-768x768.png 768w, https:\/\/bellasanmartin.com\/wp-content\/uploads\/2026\/03\/1774109495244-1536x1536.png 1536w, https:\/\/bellasanmartin.com\/wp-content\/uploads\/2026\/03\/1774109495244-12x12.png 12w, https:\/\/bellasanmartin.com\/wp-content\/uploads\/2026\/03\/1774109495244-600x600.png 600w, https:\/\/bellasanmartin.com\/wp-content\/uploads\/2026\/03\/1774109495244-1200x1200.png 1200w, https:\/\/bellasanmartin.com\/wp-content\/uploads\/2026\/03\/1774109495244.png 2048w\" sizes=\"(max-width: 300px) 100vw, 300px\" \/><\/p>","protected":false},"featured_media":2574,"comment_status":"open","ping_status":"closed","template":"","meta":[],"product_brand":[72],"product_cat":[27],"product_tag":[],"class_list":{"0":"post-2577","1":"product","2":"type-product","3":"status-publish","4":"has-post-thumbnail","6":"product_brand-bioaoua","7":"product_cat-skin-care","9":"first","10":"instock","11":"shipping-taxable","12":"purchasable","13":"product-type-simple"},"_links":{"self":[{"href":"https:\/\/bellasanmartin.com\/en\/wp-json\/wp\/v2\/product\/2577","targetHints":{"allow":["GET"]}}],"collection":[{"href":"https:\/\/bellasanmartin.com\/en\/wp-json\/wp\/v2\/product"}],"about":[{"href":"https:\/\/bellasanmartin.com\/en\/wp-json\/wp\/v2\/types\/product"}],"replies":[{"embeddable":true,"href":"https:\/\/bellasanmartin.com\/en\/wp-json\/wp\/v2\/comments?post=2577"}],"version-history":[{"count":1,"href":"https:\/\/bellasanmartin.com\/en\/wp-json\/wp\/v2\/product\/2577\/revisions"}],"predecessor-version":[{"id":2578,"href":"https:\/\/bellasanmartin.com\/en\/wp-json\/wp\/v2\/product\/2577\/revisions\/2578"}],"wp:featuredmedia":[{"embeddable":true,"href":"https:\/\/bellasanmartin.com\/en\/wp-json\/wp\/v2\/media\/2574"}],"wp:attachment":[{"href":"https:\/\/bellasanmartin.com\/en\/wp-json\/wp\/v2\/media?parent=2577"}],"wp:term":[{"taxonomy":"product_brand","embeddable":true,"href":"https:\/\/bellasanmartin.com\/en\/wp-json\/wp\/v2\/product_brand?post=2577"},{"taxonomy":"product_cat","embeddable":true,"href":"https:\/\/bellasanmartin.com\/en\/wp-json\/wp\/v2\/product_cat?post=2577"},{"taxonomy":"product_tag","embeddable":true,"href":"https:\/\/bellasanmartin.com\/en\/wp-json\/wp\/v2\/product_tag?post=2577"}],"curies":[{"name":"wp","href":"https:\/\/api.w.org\/{rel}","templated":true}]}}