{"id":3319,"date":"2026-03-27T18:50:16","date_gmt":"2026-03-27T18:50:16","guid":{"rendered":"https:\/\/bellasanmartin.com\/?post_type=product&#038;p=3319"},"modified":"2026-03-27T18:54:33","modified_gmt":"2026-03-27T18:54:33","slug":"restaurador-ceja-y-pestana-3-beneficios-en-1","status":"publish","type":"product","link":"https:\/\/bellasanmartin.com\/en\/product\/restaurador-ceja-y-pestana-3-beneficios-en-1\/","title":{"rendered":"Restaurador ceja y pesta\u00f1a 3 beneficios en 1"},"content":{"rendered":"<p>Pro Lashbotox (Melania Professional)<\/p>\n<p>&nbsp;<\/p>\n<p>Restaurador de cejas y pesta\u00f1as \u2013 3 beneficios en 1<\/p>\n<p>&nbsp;<\/p>\n<p>&#8211; Descripci\u00f3n: Este tratamiento profesional hidrata, recupera y fortalece tus cejas y pesta\u00f1as da\u00f1adas. Formulado con \u00e1cido hialur\u00f3nico, col\u00e1geno, queratina y vitaminas, devuelve elasticidad y brillo natural, ideal para post-tratamientos de lifting o permanente.<\/p>\n<p>&#8211; Beneficios clave:<\/p>\n<p>&#8211; Hidrata profundamente las fibras capilares<\/p>\n<p>&#8211; Repara da\u00f1os por qu\u00edmicos o calor<\/p>\n<p>&#8211; Fortalece y previene la ca\u00edda<\/p>\n<p>&#8211; Aporta brillo y suavidad<\/p>","protected":false},"excerpt":{"rendered":"<p><img fetchpriority=\"high\" decoding=\"async\" class=\"alignnone size-medium wp-image-3320\" src=\"https:\/\/bellasanmartin.com\/wp-content\/uploads\/2026\/03\/1774637006591-300x300.png\" alt=\"\" width=\"300\" height=\"300\" srcset=\"https:\/\/bellasanmartin.com\/wp-content\/uploads\/2026\/03\/1774637006591-300x300.png 300w, https:\/\/bellasanmartin.com\/wp-content\/uploads\/2026\/03\/1774637006591-1024x1024.png 1024w, https:\/\/bellasanmartin.com\/wp-content\/uploads\/2026\/03\/1774637006591-150x150.png 150w, https:\/\/bellasanmartin.com\/wp-content\/uploads\/2026\/03\/1774637006591-768x768.png 768w, https:\/\/bellasanmartin.com\/wp-content\/uploads\/2026\/03\/1774637006591-1536x1536.png 1536w, https:\/\/bellasanmartin.com\/wp-content\/uploads\/2026\/03\/1774637006591-12x12.png 12w, https:\/\/bellasanmartin.com\/wp-content\/uploads\/2026\/03\/1774637006591-600x600.png 600w, https:\/\/bellasanmartin.com\/wp-content\/uploads\/2026\/03\/1774637006591-1200x1200.png 1200w, https:\/\/bellasanmartin.com\/wp-content\/uploads\/2026\/03\/1774637006591.png 2048w\" sizes=\"(max-width: 300px) 100vw, 300px\" \/><\/p>","protected":false},"featured_media":3320,"comment_status":"open","ping_status":"closed","template":"","meta":[],"product_brand":[110],"product_cat":[29],"product_tag":[],"class_list":{"0":"post-3319","1":"product","2":"type-product","3":"status-publish","4":"has-post-thumbnail","6":"product_brand-melania","7":"product_cat-pestanas","9":"first","10":"instock","11":"shipping-taxable","12":"purchasable","13":"product-type-simple"},"_links":{"self":[{"href":"https:\/\/bellasanmartin.com\/en\/wp-json\/wp\/v2\/product\/3319","targetHints":{"allow":["GET"]}}],"collection":[{"href":"https:\/\/bellasanmartin.com\/en\/wp-json\/wp\/v2\/product"}],"about":[{"href":"https:\/\/bellasanmartin.com\/en\/wp-json\/wp\/v2\/types\/product"}],"replies":[{"embeddable":true,"href":"https:\/\/bellasanmartin.com\/en\/wp-json\/wp\/v2\/comments?post=3319"}],"version-history":[{"count":1,"href":"https:\/\/bellasanmartin.com\/en\/wp-json\/wp\/v2\/product\/3319\/revisions"}],"predecessor-version":[{"id":3326,"href":"https:\/\/bellasanmartin.com\/en\/wp-json\/wp\/v2\/product\/3319\/revisions\/3326"}],"wp:featuredmedia":[{"embeddable":true,"href":"https:\/\/bellasanmartin.com\/en\/wp-json\/wp\/v2\/media\/3320"}],"wp:attachment":[{"href":"https:\/\/bellasanmartin.com\/en\/wp-json\/wp\/v2\/media?parent=3319"}],"wp:term":[{"taxonomy":"product_brand","embeddable":true,"href":"https:\/\/bellasanmartin.com\/en\/wp-json\/wp\/v2\/product_brand?post=3319"},{"taxonomy":"product_cat","embeddable":true,"href":"https:\/\/bellasanmartin.com\/en\/wp-json\/wp\/v2\/product_cat?post=3319"},{"taxonomy":"product_tag","embeddable":true,"href":"https:\/\/bellasanmartin.com\/en\/wp-json\/wp\/v2\/product_tag?post=3319"}],"curies":[{"name":"wp","href":"https:\/\/api.w.org\/{rel}","templated":true}]}}