{"id":3331,"date":"2026-03-27T19:01:01","date_gmt":"2026-03-27T19:01:01","guid":{"rendered":"https:\/\/bellasanmartin.com\/?post_type=product&#038;p=3331"},"modified":"2026-03-27T19:01:02","modified_gmt":"2026-03-27T19:01:02","slug":"nourish-gel-iconsign","status":"publish","type":"product","link":"https:\/\/bellasanmartin.com\/en\/product\/nourish-gel-iconsign\/","title":{"rendered":"Nourish Gel (Iconsign)"},"content":{"rendered":"<p>Nourish Gel (Iconsign)<\/p>\n<p>Gel nutritivo para pesta\u00f1as y cejas<\/p>\n<p>&#8211; Descripci\u00f3n: Gel nutritivo que hidrata y fortalece pesta\u00f1as y cejas d\u00e9biles, ayudando a su crecimiento saludable y previniendo la rotura.<br \/>\n&#8211; Beneficios clave:<br \/>\n&#8211; Nutre y fortalece las fibras capilares<br \/>\n&#8211; Estimula el crecimiento saludable<br \/>\n&#8211; Previene la rotura y ca\u00edda<br \/>\n&#8211; Textura ligera, no obstruye los fol\u00edculos<\/p>","protected":false},"excerpt":{"rendered":"<p><img fetchpriority=\"high\" decoding=\"async\" class=\"alignnone size-medium wp-image-3323\" src=\"https:\/\/bellasanmartin.com\/wp-content\/uploads\/2026\/03\/1774637013510-300x300.png\" alt=\"\" width=\"300\" height=\"300\" srcset=\"https:\/\/bellasanmartin.com\/wp-content\/uploads\/2026\/03\/1774637013510-300x300.png 300w, https:\/\/bellasanmartin.com\/wp-content\/uploads\/2026\/03\/1774637013510-1024x1024.png 1024w, https:\/\/bellasanmartin.com\/wp-content\/uploads\/2026\/03\/1774637013510-150x150.png 150w, https:\/\/bellasanmartin.com\/wp-content\/uploads\/2026\/03\/1774637013510-768x768.png 768w, https:\/\/bellasanmartin.com\/wp-content\/uploads\/2026\/03\/1774637013510-1536x1536.png 1536w, https:\/\/bellasanmartin.com\/wp-content\/uploads\/2026\/03\/1774637013510-12x12.png 12w, https:\/\/bellasanmartin.com\/wp-content\/uploads\/2026\/03\/1774637013510-600x600.png 600w, https:\/\/bellasanmartin.com\/wp-content\/uploads\/2026\/03\/1774637013510-1200x1200.png 1200w, https:\/\/bellasanmartin.com\/wp-content\/uploads\/2026\/03\/1774637013510.png 2048w\" sizes=\"(max-width: 300px) 100vw, 300px\" \/><\/p>","protected":false},"featured_media":3323,"comment_status":"open","ping_status":"closed","template":"","meta":[],"product_brand":[90],"product_cat":[29],"product_tag":[],"class_list":{"0":"post-3331","1":"product","2":"type-product","3":"status-publish","4":"has-post-thumbnail","6":"product_brand-iconsign","7":"product_cat-pestanas","9":"first","10":"instock","11":"shipping-taxable","12":"purchasable","13":"product-type-simple"},"_links":{"self":[{"href":"https:\/\/bellasanmartin.com\/en\/wp-json\/wp\/v2\/product\/3331","targetHints":{"allow":["GET"]}}],"collection":[{"href":"https:\/\/bellasanmartin.com\/en\/wp-json\/wp\/v2\/product"}],"about":[{"href":"https:\/\/bellasanmartin.com\/en\/wp-json\/wp\/v2\/types\/product"}],"replies":[{"embeddable":true,"href":"https:\/\/bellasanmartin.com\/en\/wp-json\/wp\/v2\/comments?post=3331"}],"version-history":[{"count":1,"href":"https:\/\/bellasanmartin.com\/en\/wp-json\/wp\/v2\/product\/3331\/revisions"}],"predecessor-version":[{"id":3332,"href":"https:\/\/bellasanmartin.com\/en\/wp-json\/wp\/v2\/product\/3331\/revisions\/3332"}],"wp:featuredmedia":[{"embeddable":true,"href":"https:\/\/bellasanmartin.com\/en\/wp-json\/wp\/v2\/media\/3323"}],"wp:attachment":[{"href":"https:\/\/bellasanmartin.com\/en\/wp-json\/wp\/v2\/media?parent=3331"}],"wp:term":[{"taxonomy":"product_brand","embeddable":true,"href":"https:\/\/bellasanmartin.com\/en\/wp-json\/wp\/v2\/product_brand?post=3331"},{"taxonomy":"product_cat","embeddable":true,"href":"https:\/\/bellasanmartin.com\/en\/wp-json\/wp\/v2\/product_cat?post=3331"},{"taxonomy":"product_tag","embeddable":true,"href":"https:\/\/bellasanmartin.com\/en\/wp-json\/wp\/v2\/product_tag?post=3331"}],"curies":[{"name":"wp","href":"https:\/\/api.w.org\/{rel}","templated":true}]}}