{"id":3333,"date":"2026-03-27T19:02:45","date_gmt":"2026-03-27T19:02:45","guid":{"rendered":"https:\/\/bellasanmartin.com\/?post_type=product&#038;p=3333"},"modified":"2026-03-27T19:02:45","modified_gmt":"2026-03-27T19:02:45","slug":"lash-bonder-iconsign","status":"publish","type":"product","link":"https:\/\/bellasanmartin.com\/en\/product\/lash-bonder-iconsign\/","title":{"rendered":"Lash Bonder (Iconsign)"},"content":{"rendered":"<p>Lash Bonder (Iconsign)<\/p>\n<p>Fijador para extensiones de pesta\u00f1as<\/p>\n<p>&#8211; Descripci\u00f3n: Acelera el curado del pegamento y sella la uni\u00f3n entre la pesta\u00f1a natural y la extensi\u00f3n, reduciendo el tiempo de espera y aumentando la resistencia del conjunto.<br \/>\n&#8211; Beneficios clave:<br \/>\n&#8211; Acelera el secado del pegamento<br \/>\n&#8211; Sella y protege la uni\u00f3n adhesiva<br \/>\n&#8211; Reduce el riesgo de irritaci\u00f3n<br \/>\n&#8211; Aumenta la durabilidad de las extensiones<\/p>","protected":false},"excerpt":{"rendered":"<p><img fetchpriority=\"high\" decoding=\"async\" class=\"alignnone size-medium wp-image-3324\" src=\"https:\/\/bellasanmartin.com\/wp-content\/uploads\/2026\/03\/1774637015157-300x300.png\" alt=\"\" width=\"300\" height=\"300\" srcset=\"https:\/\/bellasanmartin.com\/wp-content\/uploads\/2026\/03\/1774637015157-300x300.png 300w, https:\/\/bellasanmartin.com\/wp-content\/uploads\/2026\/03\/1774637015157-1024x1024.png 1024w, https:\/\/bellasanmartin.com\/wp-content\/uploads\/2026\/03\/1774637015157-150x150.png 150w, https:\/\/bellasanmartin.com\/wp-content\/uploads\/2026\/03\/1774637015157-768x768.png 768w, https:\/\/bellasanmartin.com\/wp-content\/uploads\/2026\/03\/1774637015157-1536x1536.png 1536w, https:\/\/bellasanmartin.com\/wp-content\/uploads\/2026\/03\/1774637015157-12x12.png 12w, https:\/\/bellasanmartin.com\/wp-content\/uploads\/2026\/03\/1774637015157-600x600.png 600w, https:\/\/bellasanmartin.com\/wp-content\/uploads\/2026\/03\/1774637015157-1200x1200.png 1200w, https:\/\/bellasanmartin.com\/wp-content\/uploads\/2026\/03\/1774637015157.png 2048w\" sizes=\"(max-width: 300px) 100vw, 300px\" \/><\/p>","protected":false},"featured_media":3324,"comment_status":"open","ping_status":"closed","template":"","meta":[],"product_brand":[90],"product_cat":[29],"product_tag":[],"class_list":{"0":"post-3333","1":"product","2":"type-product","3":"status-publish","4":"has-post-thumbnail","6":"product_brand-iconsign","7":"product_cat-pestanas","9":"first","10":"instock","11":"shipping-taxable","12":"purchasable","13":"product-type-simple"},"_links":{"self":[{"href":"https:\/\/bellasanmartin.com\/en\/wp-json\/wp\/v2\/product\/3333","targetHints":{"allow":["GET"]}}],"collection":[{"href":"https:\/\/bellasanmartin.com\/en\/wp-json\/wp\/v2\/product"}],"about":[{"href":"https:\/\/bellasanmartin.com\/en\/wp-json\/wp\/v2\/types\/product"}],"replies":[{"embeddable":true,"href":"https:\/\/bellasanmartin.com\/en\/wp-json\/wp\/v2\/comments?post=3333"}],"version-history":[{"count":1,"href":"https:\/\/bellasanmartin.com\/en\/wp-json\/wp\/v2\/product\/3333\/revisions"}],"predecessor-version":[{"id":3334,"href":"https:\/\/bellasanmartin.com\/en\/wp-json\/wp\/v2\/product\/3333\/revisions\/3334"}],"wp:featuredmedia":[{"embeddable":true,"href":"https:\/\/bellasanmartin.com\/en\/wp-json\/wp\/v2\/media\/3324"}],"wp:attachment":[{"href":"https:\/\/bellasanmartin.com\/en\/wp-json\/wp\/v2\/media?parent=3333"}],"wp:term":[{"taxonomy":"product_brand","embeddable":true,"href":"https:\/\/bellasanmartin.com\/en\/wp-json\/wp\/v2\/product_brand?post=3333"},{"taxonomy":"product_cat","embeddable":true,"href":"https:\/\/bellasanmartin.com\/en\/wp-json\/wp\/v2\/product_cat?post=3333"},{"taxonomy":"product_tag","embeddable":true,"href":"https:\/\/bellasanmartin.com\/en\/wp-json\/wp\/v2\/product_tag?post=3333"}],"curies":[{"name":"wp","href":"https:\/\/api.w.org\/{rel}","templated":true}]}}