{"id":3336,"date":"2026-03-27T19:05:21","date_gmt":"2026-03-27T19:05:21","guid":{"rendered":"https:\/\/bellasanmartin.com\/?post_type=product&#038;p=3336"},"modified":"2026-03-27T19:05:21","modified_gmt":"2026-03-27T19:05:21","slug":"lash-primer-iconsign","status":"publish","type":"product","link":"https:\/\/bellasanmartin.com\/en\/product\/lash-primer-iconsign\/","title":{"rendered":"Lash Primer (Iconsign)  \u00a0"},"content":{"rendered":"<p>Lash Primer (Iconsign)<\/p>\n<p>&nbsp;<\/p>\n<p>Preparador para extensiones de pesta\u00f1as<\/p>\n<p>&nbsp;<\/p>\n<p>&#8211; Descripci\u00f3n: Prepara las pesta\u00f1as naturales para la aplicaci\u00f3n de extensiones, eliminando residuos de grasa y aceites para garantizar una adhesi\u00f3n \u00f3ptima y duradera.<\/p>\n<p>&#8211; Beneficios clave:<\/p>\n<p>&#8211; Limpia y desgrasa las pesta\u00f1as naturales<\/p>\n<p>&#8211; Mejora la adhesi\u00f3n del pegamento<\/p>\n<p>&#8211; Prolonga la vida \u00fatil de las extensiones<\/p>\n<p>&#8211; F\u00f3rmula suave, no irritante<\/p>\n<p>&nbsp;<\/p>","protected":false},"excerpt":{"rendered":"<p><img fetchpriority=\"high\" decoding=\"async\" class=\"alignnone size-medium wp-image-3325\" src=\"https:\/\/bellasanmartin.com\/wp-content\/uploads\/2026\/03\/1774637016240-300x300.png\" alt=\"\" width=\"300\" height=\"300\" srcset=\"https:\/\/bellasanmartin.com\/wp-content\/uploads\/2026\/03\/1774637016240-300x300.png 300w, https:\/\/bellasanmartin.com\/wp-content\/uploads\/2026\/03\/1774637016240-1024x1024.png 1024w, https:\/\/bellasanmartin.com\/wp-content\/uploads\/2026\/03\/1774637016240-150x150.png 150w, https:\/\/bellasanmartin.com\/wp-content\/uploads\/2026\/03\/1774637016240-768x768.png 768w, https:\/\/bellasanmartin.com\/wp-content\/uploads\/2026\/03\/1774637016240-1536x1536.png 1536w, https:\/\/bellasanmartin.com\/wp-content\/uploads\/2026\/03\/1774637016240-12x12.png 12w, https:\/\/bellasanmartin.com\/wp-content\/uploads\/2026\/03\/1774637016240-600x600.png 600w, https:\/\/bellasanmartin.com\/wp-content\/uploads\/2026\/03\/1774637016240-1200x1200.png 1200w, https:\/\/bellasanmartin.com\/wp-content\/uploads\/2026\/03\/1774637016240.png 2048w\" sizes=\"(max-width: 300px) 100vw, 300px\" \/><\/p>","protected":false},"featured_media":3325,"comment_status":"open","ping_status":"closed","template":"","meta":[],"product_brand":[90],"product_cat":[29],"product_tag":[],"class_list":{"0":"post-3336","1":"product","2":"type-product","3":"status-publish","4":"has-post-thumbnail","6":"product_brand-iconsign","7":"product_cat-pestanas","9":"first","10":"instock","11":"shipping-taxable","12":"purchasable","13":"product-type-simple"},"_links":{"self":[{"href":"https:\/\/bellasanmartin.com\/en\/wp-json\/wp\/v2\/product\/3336","targetHints":{"allow":["GET"]}}],"collection":[{"href":"https:\/\/bellasanmartin.com\/en\/wp-json\/wp\/v2\/product"}],"about":[{"href":"https:\/\/bellasanmartin.com\/en\/wp-json\/wp\/v2\/types\/product"}],"replies":[{"embeddable":true,"href":"https:\/\/bellasanmartin.com\/en\/wp-json\/wp\/v2\/comments?post=3336"}],"version-history":[{"count":1,"href":"https:\/\/bellasanmartin.com\/en\/wp-json\/wp\/v2\/product\/3336\/revisions"}],"predecessor-version":[{"id":3337,"href":"https:\/\/bellasanmartin.com\/en\/wp-json\/wp\/v2\/product\/3336\/revisions\/3337"}],"wp:featuredmedia":[{"embeddable":true,"href":"https:\/\/bellasanmartin.com\/en\/wp-json\/wp\/v2\/media\/3325"}],"wp:attachment":[{"href":"https:\/\/bellasanmartin.com\/en\/wp-json\/wp\/v2\/media?parent=3336"}],"wp:term":[{"taxonomy":"product_brand","embeddable":true,"href":"https:\/\/bellasanmartin.com\/en\/wp-json\/wp\/v2\/product_brand?post=3336"},{"taxonomy":"product_cat","embeddable":true,"href":"https:\/\/bellasanmartin.com\/en\/wp-json\/wp\/v2\/product_cat?post=3336"},{"taxonomy":"product_tag","embeddable":true,"href":"https:\/\/bellasanmartin.com\/en\/wp-json\/wp\/v2\/product_tag?post=3336"}],"curies":[{"name":"wp","href":"https:\/\/api.w.org\/{rel}","templated":true}]}}