{"id":3597,"date":"2026-03-28T17:56:21","date_gmt":"2026-03-28T17:56:21","guid":{"rendered":"https:\/\/bellasanmartin.com\/?post_type=product&#038;p=3597"},"modified":"2026-03-28T17:56:21","modified_gmt":"2026-03-28T17:56:21","slug":"navi-builder-gel_300018","status":"publish","type":"product","link":"https:\/\/bellasanmartin.com\/en\/product\/navi-builder-gel_300018\/","title":{"rendered":"NAVI Builder Gel_300018"},"content":{"rendered":"<p>NAVI Builder Gel<\/p>\n<p>&nbsp;<\/p>\n<p>Nombre del producto: Gel Constructor NAVI 4 en 1<\/p>\n<p>Descripci\u00f3n y beneficios:<\/p>\n<p>Gel constructor multifunci\u00f3n 4 en 1 que act\u00faa como base, constructor, refuerzo y capa de acabado. Ideal para reparar u\u00f1as rotas, dar longitud y forma, o crear extensiones de u\u00f1as. Su f\u00f3rmula flexible y resistente se adhiere perfectamente a la u\u00f1a natural, ofreciendo una base s\u00f3lida y duradera para cualquier tipo de manicura, curable con luz UV\/LED.<\/p>","protected":false},"excerpt":{"rendered":"<p><img fetchpriority=\"high\" decoding=\"async\" class=\"alignnone size-medium wp-image-3588\" src=\"https:\/\/bellasanmartin.com\/wp-content\/uploads\/2026\/03\/1774719566765-300x300.png\" alt=\"\" width=\"300\" height=\"300\" srcset=\"https:\/\/bellasanmartin.com\/wp-content\/uploads\/2026\/03\/1774719566765-300x300.png 300w, https:\/\/bellasanmartin.com\/wp-content\/uploads\/2026\/03\/1774719566765-1024x1024.png 1024w, https:\/\/bellasanmartin.com\/wp-content\/uploads\/2026\/03\/1774719566765-150x150.png 150w, https:\/\/bellasanmartin.com\/wp-content\/uploads\/2026\/03\/1774719566765-768x768.png 768w, https:\/\/bellasanmartin.com\/wp-content\/uploads\/2026\/03\/1774719566765-1536x1536.png 1536w, https:\/\/bellasanmartin.com\/wp-content\/uploads\/2026\/03\/1774719566765-12x12.png 12w, https:\/\/bellasanmartin.com\/wp-content\/uploads\/2026\/03\/1774719566765-600x600.png 600w, https:\/\/bellasanmartin.com\/wp-content\/uploads\/2026\/03\/1774719566765-1200x1200.png 1200w, https:\/\/bellasanmartin.com\/wp-content\/uploads\/2026\/03\/1774719566765.png 2048w\" sizes=\"(max-width: 300px) 100vw, 300px\" \/><\/p>","protected":false},"featured_media":3588,"comment_status":"open","ping_status":"closed","template":"","meta":[],"product_brand":[80],"product_cat":[21],"product_tag":[],"class_list":{"0":"post-3597","1":"product","2":"type-product","3":"status-publish","4":"has-post-thumbnail","6":"product_brand-navi","7":"product_cat-unas","9":"first","10":"instock","11":"shipping-taxable","12":"purchasable","13":"product-type-simple"},"_links":{"self":[{"href":"https:\/\/bellasanmartin.com\/en\/wp-json\/wp\/v2\/product\/3597","targetHints":{"allow":["GET"]}}],"collection":[{"href":"https:\/\/bellasanmartin.com\/en\/wp-json\/wp\/v2\/product"}],"about":[{"href":"https:\/\/bellasanmartin.com\/en\/wp-json\/wp\/v2\/types\/product"}],"replies":[{"embeddable":true,"href":"https:\/\/bellasanmartin.com\/en\/wp-json\/wp\/v2\/comments?post=3597"}],"version-history":[{"count":1,"href":"https:\/\/bellasanmartin.com\/en\/wp-json\/wp\/v2\/product\/3597\/revisions"}],"predecessor-version":[{"id":3598,"href":"https:\/\/bellasanmartin.com\/en\/wp-json\/wp\/v2\/product\/3597\/revisions\/3598"}],"wp:featuredmedia":[{"embeddable":true,"href":"https:\/\/bellasanmartin.com\/en\/wp-json\/wp\/v2\/media\/3588"}],"wp:attachment":[{"href":"https:\/\/bellasanmartin.com\/en\/wp-json\/wp\/v2\/media?parent=3597"}],"wp:term":[{"taxonomy":"product_brand","embeddable":true,"href":"https:\/\/bellasanmartin.com\/en\/wp-json\/wp\/v2\/product_brand?post=3597"},{"taxonomy":"product_cat","embeddable":true,"href":"https:\/\/bellasanmartin.com\/en\/wp-json\/wp\/v2\/product_cat?post=3597"},{"taxonomy":"product_tag","embeddable":true,"href":"https:\/\/bellasanmartin.com\/en\/wp-json\/wp\/v2\/product_tag?post=3597"}],"curies":[{"name":"wp","href":"https:\/\/api.w.org\/{rel}","templated":true}]}}