{"id":3623,"date":"2026-03-28T19:05:34","date_gmt":"2026-03-28T19:05:34","guid":{"rendered":"https:\/\/bellasanmartin.com\/?post_type=product&#038;p=3623"},"modified":"2026-03-28T19:05:35","modified_gmt":"2026-03-28T19:05:35","slug":"pegamento-para-espejos-charm-limit","status":"publish","type":"product","link":"https:\/\/bellasanmartin.com\/en\/product\/pegamento-para-espejos-charm-limit\/","title":{"rendered":"Pegamento para Espejos CHARM LIMIT"},"content":{"rendered":"<p>Nombre del producto: Pegamento para Espejos CHARM LIMIT<\/p>\n<p>Descripci\u00f3n y beneficios:<\/p>\n<p>Pegamento especializado para adherir espejos y decoraciones reflectantes en las u\u00f1as. Su f\u00f3rmula transparente y resistente se cura con luz UV\/LED, garantizando una sujeci\u00f3n fuerte y duradera. Perfecto para crear dise\u00f1os llamativos y reflectantes, a\u00f1adiendo un toque de glamour a cualquier manicurpa.<\/p>","protected":false},"excerpt":{"rendered":"<p><img fetchpriority=\"high\" decoding=\"async\" class=\"alignnone size-medium wp-image-3611\" src=\"https:\/\/bellasanmartin.com\/wp-content\/uploads\/2026\/03\/1774721448190-300x300.png\" alt=\"\" width=\"300\" height=\"300\" srcset=\"https:\/\/bellasanmartin.com\/wp-content\/uploads\/2026\/03\/1774721448190-300x300.png 300w, https:\/\/bellasanmartin.com\/wp-content\/uploads\/2026\/03\/1774721448190-1024x1024.png 1024w, https:\/\/bellasanmartin.com\/wp-content\/uploads\/2026\/03\/1774721448190-150x150.png 150w, https:\/\/bellasanmartin.com\/wp-content\/uploads\/2026\/03\/1774721448190-768x768.png 768w, https:\/\/bellasanmartin.com\/wp-content\/uploads\/2026\/03\/1774721448190-1536x1536.png 1536w, https:\/\/bellasanmartin.com\/wp-content\/uploads\/2026\/03\/1774721448190-12x12.png 12w, https:\/\/bellasanmartin.com\/wp-content\/uploads\/2026\/03\/1774721448190-600x600.png 600w, https:\/\/bellasanmartin.com\/wp-content\/uploads\/2026\/03\/1774721448190-1200x1200.png 1200w, https:\/\/bellasanmartin.com\/wp-content\/uploads\/2026\/03\/1774721448190.png 2048w\" sizes=\"(max-width: 300px) 100vw, 300px\" \/><\/p>","protected":false},"featured_media":3611,"comment_status":"open","ping_status":"closed","template":"","meta":[],"product_brand":[81],"product_cat":[21],"product_tag":[],"class_list":{"0":"post-3623","1":"product","2":"type-product","3":"status-publish","4":"has-post-thumbnail","6":"product_brand-charm-limit","7":"product_cat-unas","9":"first","10":"instock","11":"shipping-taxable","12":"purchasable","13":"product-type-simple"},"_links":{"self":[{"href":"https:\/\/bellasanmartin.com\/en\/wp-json\/wp\/v2\/product\/3623","targetHints":{"allow":["GET"]}}],"collection":[{"href":"https:\/\/bellasanmartin.com\/en\/wp-json\/wp\/v2\/product"}],"about":[{"href":"https:\/\/bellasanmartin.com\/en\/wp-json\/wp\/v2\/types\/product"}],"replies":[{"embeddable":true,"href":"https:\/\/bellasanmartin.com\/en\/wp-json\/wp\/v2\/comments?post=3623"}],"version-history":[{"count":1,"href":"https:\/\/bellasanmartin.com\/en\/wp-json\/wp\/v2\/product\/3623\/revisions"}],"predecessor-version":[{"id":3624,"href":"https:\/\/bellasanmartin.com\/en\/wp-json\/wp\/v2\/product\/3623\/revisions\/3624"}],"wp:featuredmedia":[{"embeddable":true,"href":"https:\/\/bellasanmartin.com\/en\/wp-json\/wp\/v2\/media\/3611"}],"wp:attachment":[{"href":"https:\/\/bellasanmartin.com\/en\/wp-json\/wp\/v2\/media?parent=3623"}],"wp:term":[{"taxonomy":"product_brand","embeddable":true,"href":"https:\/\/bellasanmartin.com\/en\/wp-json\/wp\/v2\/product_brand?post=3623"},{"taxonomy":"product_cat","embeddable":true,"href":"https:\/\/bellasanmartin.com\/en\/wp-json\/wp\/v2\/product_cat?post=3623"},{"taxonomy":"product_tag","embeddable":true,"href":"https:\/\/bellasanmartin.com\/en\/wp-json\/wp\/v2\/product_tag?post=3623"}],"curies":[{"name":"wp","href":"https:\/\/api.w.org\/{rel}","templated":true}]}}