{"id":3627,"date":"2026-03-28T19:10:29","date_gmt":"2026-03-28T19:10:29","guid":{"rendered":"https:\/\/bellasanmartin.com\/?post_type=product&#038;p=3627"},"modified":"2026-03-28T19:10:29","modified_gmt":"2026-03-28T19:10:29","slug":"cherimoya-fixing-nail-gel050001","status":"publish","type":"product","link":"https:\/\/bellasanmartin.com\/en\/product\/cherimoya-fixing-nail-gel050001\/","title":{"rendered":"Cherimoya Fixing Nail Gel050001"},"content":{"rendered":"<p>Cherimoya Fixing Nail Gel<\/p>\n<p>&nbsp;<\/p>\n<p>Nombre del producto: Gel Fijador de U\u00f1as Cherimoya (UV\/LED)<\/p>\n<p>Descripci\u00f3n y beneficios:<\/p>\n<p>Gel reparador y fijador para u\u00f1as rotas, d\u00e9biles o quebradizas. Su f\u00f3rmula flexible y resistente repara y refuerza la u\u00f1a natural, creando una base s\u00f3lida para la aplicaci\u00f3n de esmaltes o extensiones. Curable con luz UV\/LED, ayuda a prevenir roturas y mantiene las u\u00f1as saludables y fuertes.<\/p>","protected":false},"excerpt":{"rendered":"<p><img fetchpriority=\"high\" decoding=\"async\" class=\"alignnone size-medium wp-image-3613\" src=\"https:\/\/bellasanmartin.com\/wp-content\/uploads\/2026\/03\/1774721459496-300x300.png\" alt=\"\" width=\"300\" height=\"300\" srcset=\"https:\/\/bellasanmartin.com\/wp-content\/uploads\/2026\/03\/1774721459496-300x300.png 300w, https:\/\/bellasanmartin.com\/wp-content\/uploads\/2026\/03\/1774721459496-1024x1024.png 1024w, https:\/\/bellasanmartin.com\/wp-content\/uploads\/2026\/03\/1774721459496-150x150.png 150w, https:\/\/bellasanmartin.com\/wp-content\/uploads\/2026\/03\/1774721459496-768x768.png 768w, https:\/\/bellasanmartin.com\/wp-content\/uploads\/2026\/03\/1774721459496-1536x1536.png 1536w, https:\/\/bellasanmartin.com\/wp-content\/uploads\/2026\/03\/1774721459496-12x12.png 12w, https:\/\/bellasanmartin.com\/wp-content\/uploads\/2026\/03\/1774721459496-600x600.png 600w, https:\/\/bellasanmartin.com\/wp-content\/uploads\/2026\/03\/1774721459496-1200x1200.png 1200w, https:\/\/bellasanmartin.com\/wp-content\/uploads\/2026\/03\/1774721459496.png 2048w\" sizes=\"(max-width: 300px) 100vw, 300px\" \/><\/p>","protected":false},"featured_media":3613,"comment_status":"open","ping_status":"closed","template":"","meta":[],"product_brand":[75],"product_cat":[21],"product_tag":[],"class_list":{"0":"post-3627","1":"product","2":"type-product","3":"status-publish","4":"has-post-thumbnail","6":"product_brand-cherimoya","7":"product_cat-unas","9":"first","10":"instock","11":"shipping-taxable","12":"purchasable","13":"product-type-simple"},"_links":{"self":[{"href":"https:\/\/bellasanmartin.com\/en\/wp-json\/wp\/v2\/product\/3627","targetHints":{"allow":["GET"]}}],"collection":[{"href":"https:\/\/bellasanmartin.com\/en\/wp-json\/wp\/v2\/product"}],"about":[{"href":"https:\/\/bellasanmartin.com\/en\/wp-json\/wp\/v2\/types\/product"}],"replies":[{"embeddable":true,"href":"https:\/\/bellasanmartin.com\/en\/wp-json\/wp\/v2\/comments?post=3627"}],"version-history":[{"count":1,"href":"https:\/\/bellasanmartin.com\/en\/wp-json\/wp\/v2\/product\/3627\/revisions"}],"predecessor-version":[{"id":3628,"href":"https:\/\/bellasanmartin.com\/en\/wp-json\/wp\/v2\/product\/3627\/revisions\/3628"}],"wp:featuredmedia":[{"embeddable":true,"href":"https:\/\/bellasanmartin.com\/en\/wp-json\/wp\/v2\/media\/3613"}],"wp:attachment":[{"href":"https:\/\/bellasanmartin.com\/en\/wp-json\/wp\/v2\/media?parent=3627"}],"wp:term":[{"taxonomy":"product_brand","embeddable":true,"href":"https:\/\/bellasanmartin.com\/en\/wp-json\/wp\/v2\/product_brand?post=3627"},{"taxonomy":"product_cat","embeddable":true,"href":"https:\/\/bellasanmartin.com\/en\/wp-json\/wp\/v2\/product_cat?post=3627"},{"taxonomy":"product_tag","embeddable":true,"href":"https:\/\/bellasanmartin.com\/en\/wp-json\/wp\/v2\/product_tag?post=3627"}],"curies":[{"name":"wp","href":"https:\/\/api.w.org\/{rel}","templated":true}]}}