{"id":3748,"date":"2026-03-30T17:58:48","date_gmt":"2026-03-30T17:58:48","guid":{"rendered":"https:\/\/bellasanmartin.com\/?post_type=product&#038;p=3748"},"modified":"2026-03-30T17:58:49","modified_gmt":"2026-03-30T17:58:49","slug":"lapices-de-cuticula-de-cuarzo-5-unidades-charm-limit","status":"publish","type":"product","link":"https:\/\/bellasanmartin.com\/en\/product\/lapices-de-cuticula-de-cuarzo-5-unidades-charm-limit\/","title":{"rendered":"L\u00e1pices de Cut\u00edcula de Cuarzo (5 unidades)  \u00a0charm limit"},"content":{"rendered":"<p>L\u00e1pices de cut\u00edcula (CHARM LIMIT)<\/p>\n<p>&nbsp;<\/p>\n<p>L\u00e1pices de Cut\u00edcula de Cuarzo (5 unidades)<\/p>\n<p>&nbsp;<\/p>\n<p>&#8211; Punta de cuarzo: Suaviza y empuja la cut\u00edcula sin causar irritaci\u00f3n en la piel.<\/p>\n<p>&#8211; Dise\u00f1o compacto: F\u00e1ciles de usar y transportar, ideales para retoques r\u00e1pidos.<\/p>\n<p>&#8211; Paquete m\u00faltiple: Perfecto para salones o para compartir con amigas.<\/p>\n<p>&#8211; Seguros y higi\u00e9nicos: No contienen sustancias agresivas, adecuados para todo tipo de piel.<\/p>","protected":false},"excerpt":{"rendered":"<p><img fetchpriority=\"high\" decoding=\"async\" class=\"alignnone size-medium wp-image-3736\" src=\"https:\/\/bellasanmartin.com\/wp-content\/uploads\/2026\/03\/1774892138758-300x300.png\" alt=\"\" width=\"300\" height=\"300\" srcset=\"https:\/\/bellasanmartin.com\/wp-content\/uploads\/2026\/03\/1774892138758-300x300.png 300w, https:\/\/bellasanmartin.com\/wp-content\/uploads\/2026\/03\/1774892138758-1024x1024.png 1024w, https:\/\/bellasanmartin.com\/wp-content\/uploads\/2026\/03\/1774892138758-150x150.png 150w, https:\/\/bellasanmartin.com\/wp-content\/uploads\/2026\/03\/1774892138758-768x768.png 768w, https:\/\/bellasanmartin.com\/wp-content\/uploads\/2026\/03\/1774892138758-1536x1536.png 1536w, https:\/\/bellasanmartin.com\/wp-content\/uploads\/2026\/03\/1774892138758-12x12.png 12w, https:\/\/bellasanmartin.com\/wp-content\/uploads\/2026\/03\/1774892138758-600x600.png 600w, https:\/\/bellasanmartin.com\/wp-content\/uploads\/2026\/03\/1774892138758-1200x1200.png 1200w, https:\/\/bellasanmartin.com\/wp-content\/uploads\/2026\/03\/1774892138758.png 2048w\" sizes=\"(max-width: 300px) 100vw, 300px\" \/>p<\/p>","protected":false},"featured_media":3736,"comment_status":"open","ping_status":"closed","template":"","meta":[],"product_brand":[81],"product_cat":[21],"product_tag":[],"class_list":{"0":"post-3748","1":"product","2":"type-product","3":"status-publish","4":"has-post-thumbnail","6":"product_brand-charm-limit","7":"product_cat-unas","9":"first","10":"instock","11":"shipping-taxable","12":"purchasable","13":"product-type-simple"},"_links":{"self":[{"href":"https:\/\/bellasanmartin.com\/en\/wp-json\/wp\/v2\/product\/3748","targetHints":{"allow":["GET"]}}],"collection":[{"href":"https:\/\/bellasanmartin.com\/en\/wp-json\/wp\/v2\/product"}],"about":[{"href":"https:\/\/bellasanmartin.com\/en\/wp-json\/wp\/v2\/types\/product"}],"replies":[{"embeddable":true,"href":"https:\/\/bellasanmartin.com\/en\/wp-json\/wp\/v2\/comments?post=3748"}],"version-history":[{"count":1,"href":"https:\/\/bellasanmartin.com\/en\/wp-json\/wp\/v2\/product\/3748\/revisions"}],"predecessor-version":[{"id":3749,"href":"https:\/\/bellasanmartin.com\/en\/wp-json\/wp\/v2\/product\/3748\/revisions\/3749"}],"wp:featuredmedia":[{"embeddable":true,"href":"https:\/\/bellasanmartin.com\/en\/wp-json\/wp\/v2\/media\/3736"}],"wp:attachment":[{"href":"https:\/\/bellasanmartin.com\/en\/wp-json\/wp\/v2\/media?parent=3748"}],"wp:term":[{"taxonomy":"product_brand","embeddable":true,"href":"https:\/\/bellasanmartin.com\/en\/wp-json\/wp\/v2\/product_brand?post=3748"},{"taxonomy":"product_cat","embeddable":true,"href":"https:\/\/bellasanmartin.com\/en\/wp-json\/wp\/v2\/product_cat?post=3748"},{"taxonomy":"product_tag","embeddable":true,"href":"https:\/\/bellasanmartin.com\/en\/wp-json\/wp\/v2\/product_tag?post=3748"}],"curies":[{"name":"wp","href":"https:\/\/api.w.org\/{rel}","templated":true}]}}