{"id":3836,"date":"2026-03-30T21:47:14","date_gmt":"2026-03-30T21:47:14","guid":{"rendered":"https:\/\/bellasanmartin.com\/?post_type=product&#038;p=3836"},"modified":"2026-03-30T21:47:14","modified_gmt":"2026-03-30T21:47:14","slug":"pincel-profesional-eloise-610066","status":"publish","type":"product","link":"https:\/\/bellasanmartin.com\/en\/product\/pincel-profesional-eloise-610066\/","title":{"rendered":"Pincel Profesional \u00abElo\u00edse\u00bb-610066"},"content":{"rendered":"<p>Pincel Profesional \u00abElo\u00edse\u00bb<\/p>\n<p>&nbsp;<\/p>\n<p>Un pincel de alta calidad para trabajos profesionales:<\/p>\n<p>&nbsp;<\/p>\n<p>&#8211; Punta plana\/redonda: Vers\u00e1til para aplicar gel, crear degradados y rellenar bases.<\/p>\n<p>&#8211; Mango de aluminio ligero: Ergon\u00f3mico y duradero, ideal para largas sesiones de trabajo.<\/p>\n<p>&#8211; Ideal para: T\u00e9cnicas de gel builder, aplicaci\u00f3n de color y trabajos de construcci\u00f3n de u\u00f1as.<\/p>","protected":false},"excerpt":{"rendered":"<p><img fetchpriority=\"high\" decoding=\"async\" class=\"alignnone size-medium wp-image-3821\" src=\"https:\/\/bellasanmartin.com\/wp-content\/uploads\/2026\/03\/1774906211896-300x300.png\" alt=\"\" width=\"300\" height=\"300\" srcset=\"https:\/\/bellasanmartin.com\/wp-content\/uploads\/2026\/03\/1774906211896-300x300.png 300w, https:\/\/bellasanmartin.com\/wp-content\/uploads\/2026\/03\/1774906211896-1024x1024.png 1024w, https:\/\/bellasanmartin.com\/wp-content\/uploads\/2026\/03\/1774906211896-150x150.png 150w, https:\/\/bellasanmartin.com\/wp-content\/uploads\/2026\/03\/1774906211896-768x768.png 768w, https:\/\/bellasanmartin.com\/wp-content\/uploads\/2026\/03\/1774906211896-1536x1536.png 1536w, https:\/\/bellasanmartin.com\/wp-content\/uploads\/2026\/03\/1774906211896-12x12.png 12w, https:\/\/bellasanmartin.com\/wp-content\/uploads\/2026\/03\/1774906211896-600x600.png 600w, https:\/\/bellasanmartin.com\/wp-content\/uploads\/2026\/03\/1774906211896-1200x1200.png 1200w, https:\/\/bellasanmartin.com\/wp-content\/uploads\/2026\/03\/1774906211896.png 2048w\" sizes=\"(max-width: 300px) 100vw, 300px\" \/><\/p>","protected":false},"featured_media":3821,"comment_status":"open","ping_status":"closed","template":"","meta":[],"product_brand":[95],"product_cat":[21],"product_tag":[],"class_list":{"0":"post-3836","1":"product","2":"type-product","3":"status-publish","4":"has-post-thumbnail","6":"product_brand-eloise","7":"product_cat-unas","9":"first","10":"instock","11":"shipping-taxable","12":"purchasable","13":"product-type-simple"},"_links":{"self":[{"href":"https:\/\/bellasanmartin.com\/en\/wp-json\/wp\/v2\/product\/3836","targetHints":{"allow":["GET"]}}],"collection":[{"href":"https:\/\/bellasanmartin.com\/en\/wp-json\/wp\/v2\/product"}],"about":[{"href":"https:\/\/bellasanmartin.com\/en\/wp-json\/wp\/v2\/types\/product"}],"replies":[{"embeddable":true,"href":"https:\/\/bellasanmartin.com\/en\/wp-json\/wp\/v2\/comments?post=3836"}],"version-history":[{"count":1,"href":"https:\/\/bellasanmartin.com\/en\/wp-json\/wp\/v2\/product\/3836\/revisions"}],"predecessor-version":[{"id":3837,"href":"https:\/\/bellasanmartin.com\/en\/wp-json\/wp\/v2\/product\/3836\/revisions\/3837"}],"wp:featuredmedia":[{"embeddable":true,"href":"https:\/\/bellasanmartin.com\/en\/wp-json\/wp\/v2\/media\/3821"}],"wp:attachment":[{"href":"https:\/\/bellasanmartin.com\/en\/wp-json\/wp\/v2\/media?parent=3836"}],"wp:term":[{"taxonomy":"product_brand","embeddable":true,"href":"https:\/\/bellasanmartin.com\/en\/wp-json\/wp\/v2\/product_brand?post=3836"},{"taxonomy":"product_cat","embeddable":true,"href":"https:\/\/bellasanmartin.com\/en\/wp-json\/wp\/v2\/product_cat?post=3836"},{"taxonomy":"product_tag","embeddable":true,"href":"https:\/\/bellasanmartin.com\/en\/wp-json\/wp\/v2\/product_tag?post=3836"}],"curies":[{"name":"wp","href":"https:\/\/api.w.org\/{rel}","templated":true}]}}