{"id":3840,"date":"2026-03-30T21:49:09","date_gmt":"2026-03-30T21:49:09","guid":{"rendered":"https:\/\/bellasanmartin.com\/?post_type=product&#038;p=3840"},"modified":"2026-03-30T21:49:09","modified_gmt":"2026-03-30T21:49:09","slug":"pincel-detallador-charm-limit-con-purpurina","status":"publish","type":"product","link":"https:\/\/bellasanmartin.com\/en\/product\/pincel-detallador-charm-limit-con-purpurina\/","title":{"rendered":"Pincel Detallador \u00abCHARM LIMIT\u00bb (con Purpurina)"},"content":{"rendered":"<p>Pincel Detallador \u00abCHARM LIMIT\u00bb (con Purpurina)<\/p>\n<p>&nbsp;<\/p>\n<p>Un pincel de detalle ultra fino con un dise\u00f1o brillante:<\/p>\n<p>&nbsp;<\/p>\n<p>&#8211; Punta extremadamente fina: Para trazos precisos, l\u00edneas finas y detalles microsc\u00f3picos.<\/p>\n<p>&#8211; Mango con purpurina: Antideslizante y decorativo, ideal para profesionales que aman el estilo.<\/p>\n<p>&#8211; Ideal para: Dise\u00f1os intrincados, patrones, letras y cualquier trabajo que requiera m\u00e1xima precisi\u00f3n.<\/p>","protected":false},"excerpt":{"rendered":"<p><img fetchpriority=\"high\" decoding=\"async\" class=\"alignnone size-medium wp-image-3819\" src=\"https:\/\/bellasanmartin.com\/wp-content\/uploads\/2026\/03\/1774906205795-300x300.png\" alt=\"\" width=\"300\" height=\"300\" srcset=\"https:\/\/bellasanmartin.com\/wp-content\/uploads\/2026\/03\/1774906205795-300x300.png 300w, https:\/\/bellasanmartin.com\/wp-content\/uploads\/2026\/03\/1774906205795-1024x1024.png 1024w, https:\/\/bellasanmartin.com\/wp-content\/uploads\/2026\/03\/1774906205795-150x150.png 150w, https:\/\/bellasanmartin.com\/wp-content\/uploads\/2026\/03\/1774906205795-768x768.png 768w, https:\/\/bellasanmartin.com\/wp-content\/uploads\/2026\/03\/1774906205795-1536x1536.png 1536w, https:\/\/bellasanmartin.com\/wp-content\/uploads\/2026\/03\/1774906205795-12x12.png 12w, https:\/\/bellasanmartin.com\/wp-content\/uploads\/2026\/03\/1774906205795-600x600.png 600w, https:\/\/bellasanmartin.com\/wp-content\/uploads\/2026\/03\/1774906205795-1200x1200.png 1200w, https:\/\/bellasanmartin.com\/wp-content\/uploads\/2026\/03\/1774906205795.png 2048w\" sizes=\"(max-width: 300px) 100vw, 300px\" \/><\/p>","protected":false},"featured_media":3819,"comment_status":"open","ping_status":"closed","template":"","meta":[],"product_brand":[81],"product_cat":[21],"product_tag":[],"class_list":{"0":"post-3840","1":"product","2":"type-product","3":"status-publish","4":"has-post-thumbnail","6":"product_brand-charm-limit","7":"product_cat-unas","9":"first","10":"instock","11":"shipping-taxable","12":"purchasable","13":"product-type-simple"},"_links":{"self":[{"href":"https:\/\/bellasanmartin.com\/en\/wp-json\/wp\/v2\/product\/3840","targetHints":{"allow":["GET"]}}],"collection":[{"href":"https:\/\/bellasanmartin.com\/en\/wp-json\/wp\/v2\/product"}],"about":[{"href":"https:\/\/bellasanmartin.com\/en\/wp-json\/wp\/v2\/types\/product"}],"replies":[{"embeddable":true,"href":"https:\/\/bellasanmartin.com\/en\/wp-json\/wp\/v2\/comments?post=3840"}],"version-history":[{"count":1,"href":"https:\/\/bellasanmartin.com\/en\/wp-json\/wp\/v2\/product\/3840\/revisions"}],"predecessor-version":[{"id":3841,"href":"https:\/\/bellasanmartin.com\/en\/wp-json\/wp\/v2\/product\/3840\/revisions\/3841"}],"wp:featuredmedia":[{"embeddable":true,"href":"https:\/\/bellasanmartin.com\/en\/wp-json\/wp\/v2\/media\/3819"}],"wp:attachment":[{"href":"https:\/\/bellasanmartin.com\/en\/wp-json\/wp\/v2\/media?parent=3840"}],"wp:term":[{"taxonomy":"product_brand","embeddable":true,"href":"https:\/\/bellasanmartin.com\/en\/wp-json\/wp\/v2\/product_brand?post=3840"},{"taxonomy":"product_cat","embeddable":true,"href":"https:\/\/bellasanmartin.com\/en\/wp-json\/wp\/v2\/product_cat?post=3840"},{"taxonomy":"product_tag","embeddable":true,"href":"https:\/\/bellasanmartin.com\/en\/wp-json\/wp\/v2\/product_tag?post=3840"}],"curies":[{"name":"wp","href":"https:\/\/api.w.org\/{rel}","templated":true}]}}